{"id":2124,"date":"2022-04-01T08:52:54","date_gmt":"2022-04-01T06:52:54","guid":{"rendered":"https:\/\/notariadepego.com\/privacy-policy\/"},"modified":"2022-05-17T16:29:51","modified_gmt":"2022-05-17T14:29:51","slug":"privacy-policy","status":"publish","type":"page","link":"https:\/\/notariadepego.com\/en\/privacy-policy\/","title":{"rendered":"Privacy Policy"},"content":{"rendered":"\t\t<div data-elementor-type=\"wp-page\" data-elementor-id=\"2124\" class=\"elementor elementor-2124 elementor-1190\">\n\t\t\t\t\t\t<section class=\"elementor-section elementor-top-section elementor-element elementor-element-7d06629 elementor-section-boxed elementor-section-height-default elementor-section-height-default parallax_section_no qode_elementor_container_no\" data-id=\"7d06629\" data-element_type=\"section\">\n\t\t\t\t\t\t<div class=\"elementor-container elementor-column-gap-default\">\n\t\t\t\t\t<div class=\"elementor-column elementor-col-100 elementor-top-column elementor-element elementor-element-fc4978a\" data-id=\"fc4978a\" data-element_type=\"column\">\n\t\t\t<div class=\"elementor-widget-wrap elementor-element-populated\">\n\t\t\t\t\t\t<div class=\"elementor-element elementor-element-91aadca elementor-widget elementor-widget-text-editor\" data-id=\"91aadca\" data-element_type=\"widget\" data-widget_type=\"text-editor.default\">\n\t\t\t\t<div class=\"elementor-widget-container\">\n\t\t\t\t\t\t\t\t\t<h2>INFORMATION ON THE PROCESSING OF PERSONAL DATA<\/h2><h5> <\/h5><h5>Personal data protection<\/h5><p> <\/p><p>In compliance with Organic Law 3\/2018, of December 5, on the <strong>Protection of Personal Data<\/strong> and guarantee of digital rights and Regulation (EU) 201\/679 of the European Parliament and of the Council of April 27, 2016, regarding the protection of natural persons with regard to the processing of personal data and the free circulation of these data, Manuel Garc\u00eda Guardiola informs users that it has adopted the technical and organizational measures in accordance with the provisions of current regulations, giving know its personal data protection policy so that its users expressly, freely and voluntarily determine if they wish to provide their personal data to this entity.<\/p><p>Users of the website are informed that their personal data will be incorporated into an automated file, called &#8220;Web Users&#8221; whose ownership and responsibility is held by Manuel Garc\u00eda Guardiola, with address at Avenida Jaume I n\u00ba 7 03780 Pego (ALICANTE). The collection and automated processing of personal data is intended to maintain the contractual relationship that the user establishes with Manuel Garc\u00eda Guardiola, as well as the performance of information, training, marketing tasks (the latter task always identified as such) and other activities of the company. The data will remain in the automated file for a period of 1 year, after which they will be blocked or, where appropriate, deleted.<\/p><p><strong>Manuel Garc\u00eda Guardiola has adopted the appropriate security levels for the data provided<\/strong> and, in addition, all the technical means and measures at his disposal have been installed to prevent the loss, misuse, alteration, unauthorized access and theft of data given to us.<\/p><p>The user guarantees that the data provided are true and he is responsibility to notify Manuel Garc\u00eda Guardiola of any changes that may occur in them. He will also assume responsibility for providing false, inaccurate or incomplete data.<\/p><p>The user may, at any time, exercise the rights of access, limitation of treatment, opposition, rectification and deletion by means of a written request addressed to Manuel Garc\u00eda Guardiola, Avenida Jaume I n\u00ba 7 03780 Pego (ALICANTE), Spain or by email to notaria@notariamguardiola.com, stating therein that it is the exercise of these rights over the data contained in any of the files of Manuel Garc\u00eda Guardiola.<\/p><h5> <\/h5><h5>Intellectual property<\/h5><p> <\/p><p>The source code, graphic designs, images, photographs, texts, as well as the information and content that are collected on the website www.notariadepego.es belonging to Manuel Garc\u00eda Guardiola are protected by Spanish legislation on the rights of intellectual and industrial property in favor of the corporate name of the company and <strong>the reproduction and\/or publication, in whole or in part, of the website, nor its computer processing, its distribution, its dissemination, nor its modification, transformation or decompilation<\/strong> , is not permitted. nor other rights legally recognized to its owner, <strong>without the prior written permission<\/strong> of the owner, Manuel Garc\u00eda Guardiola.<\/p><p>The user, solely and exclusively, can use the material that appears on this website for <strong>personal and private use, being prohibited its use for commercial purposes or to engage in illegal activities.<\/strong> All rights derived from intellectual property are expressly reserved by Manuel Garc\u00eda Guardiola.<\/p><p>Manuel Garc\u00eda Guardiola will ensure compliance with the above conditions as well as the proper use of the content presented on his webpages, exercising all civil and criminal actions that correspond to it in the event of infringement or breach of these rights by the user.<\/p><p>Manuel Garc\u00eda Guardiola may modify, without prior notice, the information contained on his website, as well as its configuration and presentation.<\/p><p>Manuel Garc\u00eda Guardiola <strong>undertakes through this medium not to carry out misleading advertising.<\/strong> For these purposes, therefore, formal or numerical errors that may be found throughout the content of the different sections of the Manuel Garc\u00eda Guardiola website, produced as a result of incomplete maintenance and\/or updating, will not be considered misleading advertising or defective of the information contained in these sections. Manuel Garc\u00eda Guardiola, as a result of the provisions of this section, undertakes to correct it as soon as he becomes aware of said errors.<\/p><p>Manuel Garc\u00eda Guardiola <strong>undertakes not to send commercial communications without consent<\/strong>, in accordance with the provisions of <strong>Law 34\/2002 on Services of the Information Society and electronic commerce.<\/strong> For these purposes, all the information sent to Manuel Garc\u00eda Guardiola clients will not be considered as commercial communication, provided that its purpose is to maintain the existing contractual relationship between the client and Manuel Garc\u00eda Guardiola, as well as the performance of information tasks, training and other activities of the service that the client has contracted with the company.<\/p><p>Manuel Garc\u00eda Guardiola <strong>is not responsible for the break of any applicable<\/strong> rule that the user may incur when accessing the company&#8217;s website and\/or in the use of the information contained therein.<\/p><p>Manuel Garc\u00eda Guardiola <strong>will not be responsible for any damages caused or likely to occur<\/strong>, whatever their nature, arising from the use of the information, the matters contained in this website and the programs it incorporates. The links and hypertext that make it possible, through the company&#8217;s website, to access the user to benefits and services offered by third parties, do not belong to or are under the control of Manuel Garc\u00eda Guardiola; This entity is not responsible for the information contained therein, nor for its legality nor for any effects that may arise from said information.<\/p><p>Manuel Garc\u00eda Guardiola<strong>is not responsible for the illegitimate use that third parties<\/strong>may make of the information published on this website. Nor is it responsible for the integrity, veracity and legality of the content of the links to the websites that can be accessed from the Manuel Garc\u00eda Guardiola website. <strong>It is not responsible for viruses<\/strong> that have their origin in a telematic transmission infiltrated by third parties (for example, word processor macros, Java applets and Active X programs), generated with the purpose of obtaining negative results for a computer system.<\/p><p>In short, <strong>the User is solely responsible for the use made of the services, content, links and hypertext<\/strong> included in the company&#8217;s website.<\/p><p>The total or partial reproduction of the contents published on this website is prohibited.<\/p>\t\t\t\t\t\t\t\t<\/div>\n\t\t\t\t<\/div>\n\t\t\t\t<div class=\"elementor-element elementor-element-4dbd224 elementor-widget elementor-widget-spacer\" data-id=\"4dbd224\" data-element_type=\"widget\" data-widget_type=\"spacer.default\">\n\t\t\t\t<div class=\"elementor-widget-container\">\n\t\t\t\t\t\t\t<div class=\"elementor-spacer\">\n\t\t\t<div class=\"elementor-spacer-inner\"><\/div>\n\t\t<\/div>\n\t\t\t\t\t\t<\/div>\n\t\t\t\t<\/div>\n\t\t\t\t\t<\/div>\n\t\t<\/div>\n\t\t\t\t\t<\/div>\n\t\t<\/section>\n\t\t\t\t<\/div>\n\t\t","protected":false},"excerpt":{"rendered":"<p>INFORMATION ON THE PROCESSING OF PERSONAL DATA Personal data protection In compliance with Organic Law 3\/2018, of December 5, on the Protection of Personal Data and guarantee of digital rights and Regulation (EU) 201\/679 of the European Parliament and of the Council of April 27,&#8230;<\/p>\n","protected":false},"author":1,"featured_media":0,"parent":0,"menu_order":0,"comment_status":"closed","ping_status":"closed","template":"","meta":{"footnotes":""},"class_list":["post-2124","page","type-page","status-publish","hentry"],"yoast_head":"<!-- This site is optimized with the Yoast SEO plugin v27.2 - https:\/\/yoast.com\/product\/yoast-seo-wordpress\/ -->\n<title>Privacy Policy - Notar\u00eda de Pego<\/title>\n<meta name=\"robots\" content=\"index, follow, max-snippet:-1, max-image-preview:large, max-video-preview:-1\" \/>\n<link rel=\"canonical\" href=\"https:\/\/notariadepego.com\/en\/privacy-policy\/\" \/>\n<meta property=\"og:locale\" content=\"en_US\" \/>\n<meta property=\"og:type\" content=\"article\" \/>\n<meta property=\"og:title\" content=\"Privacy Policy - Notar\u00eda de Pego\" \/>\n<meta property=\"og:description\" content=\"INFORMATION ON THE PROCESSING OF PERSONAL DATA Personal data protection In compliance with Organic Law 3\/2018, of December 5, on the Protection of Personal Data and guarantee of digital rights and Regulation (EU) 201\/679 of the European Parliament and of the Council of April 27,...\" \/>\n<meta property=\"og:url\" content=\"https:\/\/notariadepego.com\/en\/privacy-policy\/\" \/>\n<meta property=\"og:site_name\" content=\"Notar\u00eda de Pego\" \/>\n<meta property=\"article:modified_time\" content=\"2022-05-17T14:29:51+00:00\" \/>\n<meta property=\"og:image\" content=\"https:\/\/notariadepego.com\/wp-content\/uploads\/2022\/02\/logo-notario-pego.png\" \/>\n\t<meta property=\"og:image:width\" content=\"314\" \/>\n\t<meta property=\"og:image:height\" content=\"90\" \/>\n\t<meta property=\"og:image:type\" content=\"image\/png\" \/>\n<meta name=\"twitter:card\" content=\"summary_large_image\" \/>\n<meta name=\"twitter:label1\" content=\"Est. reading time\" \/>\n\t<meta name=\"twitter:data1\" content=\"5 minutes\" \/>\n<script type=\"application\/ld+json\" class=\"yoast-schema-graph\">{\"@context\":\"https:\/\/schema.org\",\"@graph\":[{\"@type\":\"WebPage\",\"@id\":\"https:\/\/notariadepego.com\/en\/privacy-policy\/\",\"url\":\"https:\/\/notariadepego.com\/en\/privacy-policy\/\",\"name\":\"Privacy Policy - Notar\u00eda de Pego\",\"isPartOf\":{\"@id\":\"https:\/\/notariadepego.com\/en\/#website\"},\"datePublished\":\"2022-04-01T06:52:54+00:00\",\"dateModified\":\"2022-05-17T14:29:51+00:00\",\"breadcrumb\":{\"@id\":\"https:\/\/notariadepego.com\/en\/privacy-policy\/#breadcrumb\"},\"inLanguage\":\"en-US\",\"potentialAction\":[{\"@type\":\"ReadAction\",\"target\":[\"https:\/\/notariadepego.com\/en\/privacy-policy\/\"]}]},{\"@type\":\"BreadcrumbList\",\"@id\":\"https:\/\/notariadepego.com\/en\/privacy-policy\/#breadcrumb\",\"itemListElement\":[{\"@type\":\"ListItem\",\"position\":1,\"name\":\"Portada\",\"item\":\"https:\/\/notariadepego.com\/en\/\"},{\"@type\":\"ListItem\",\"position\":2,\"name\":\"Privacy Policy\"}]},{\"@type\":\"WebSite\",\"@id\":\"https:\/\/notariadepego.com\/en\/#website\",\"url\":\"https:\/\/notariadepego.com\/en\/\",\"name\":\"Notar\u00eda de Pego\",\"description\":\"Notar\u00eda de pego - Manuel Garc\u00eda Guardiola\",\"publisher\":{\"@id\":\"https:\/\/notariadepego.com\/en\/#organization\"},\"potentialAction\":[{\"@type\":\"SearchAction\",\"target\":{\"@type\":\"EntryPoint\",\"urlTemplate\":\"https:\/\/notariadepego.com\/en\/?s={search_term_string}\"},\"query-input\":{\"@type\":\"PropertyValueSpecification\",\"valueRequired\":true,\"valueName\":\"search_term_string\"}}],\"inLanguage\":\"en-US\"},{\"@type\":\"Organization\",\"@id\":\"https:\/\/notariadepego.com\/en\/#organization\",\"name\":\"Notar\u00eda de Pego\",\"url\":\"https:\/\/notariadepego.com\/en\/\",\"logo\":{\"@type\":\"ImageObject\",\"inLanguage\":\"en-US\",\"@id\":\"https:\/\/notariadepego.com\/en\/#\/schema\/logo\/image\/\",\"url\":\"https:\/\/notariadepego.com\/wp-content\/uploads\/2022\/02\/logo-notaria-pego.png\",\"contentUrl\":\"https:\/\/notariadepego.com\/wp-content\/uploads\/2022\/02\/logo-notaria-pego.png\",\"width\":2513,\"height\":511,\"caption\":\"Notar\u00eda de Pego\"},\"image\":{\"@id\":\"https:\/\/notariadepego.com\/en\/#\/schema\/logo\/image\/\"}}]}<\/script>\n<!-- \/ Yoast SEO plugin. -->","yoast_head_json":{"title":"Privacy Policy - Notar\u00eda de Pego","robots":{"index":"index","follow":"follow","max-snippet":"max-snippet:-1","max-image-preview":"max-image-preview:large","max-video-preview":"max-video-preview:-1"},"canonical":"https:\/\/notariadepego.com\/en\/privacy-policy\/","og_locale":"en_US","og_type":"article","og_title":"Privacy Policy - Notar\u00eda de Pego","og_description":"INFORMATION ON THE PROCESSING OF PERSONAL DATA Personal data protection In compliance with Organic Law 3\/2018, of December 5, on the Protection of Personal Data and guarantee of digital rights and Regulation (EU) 201\/679 of the European Parliament and of the Council of April 27,...","og_url":"https:\/\/notariadepego.com\/en\/privacy-policy\/","og_site_name":"Notar\u00eda de Pego","article_modified_time":"2022-05-17T14:29:51+00:00","og_image":[{"width":314,"height":90,"url":"https:\/\/notariadepego.com\/wp-content\/uploads\/2022\/02\/logo-notario-pego.png","type":"image\/png"}],"twitter_card":"summary_large_image","twitter_misc":{"Est. reading time":"5 minutes"},"schema":{"@context":"https:\/\/schema.org","@graph":[{"@type":"WebPage","@id":"https:\/\/notariadepego.com\/en\/privacy-policy\/","url":"https:\/\/notariadepego.com\/en\/privacy-policy\/","name":"Privacy Policy - Notar\u00eda de Pego","isPartOf":{"@id":"https:\/\/notariadepego.com\/en\/#website"},"datePublished":"2022-04-01T06:52:54+00:00","dateModified":"2022-05-17T14:29:51+00:00","breadcrumb":{"@id":"https:\/\/notariadepego.com\/en\/privacy-policy\/#breadcrumb"},"inLanguage":"en-US","potentialAction":[{"@type":"ReadAction","target":["https:\/\/notariadepego.com\/en\/privacy-policy\/"]}]},{"@type":"BreadcrumbList","@id":"https:\/\/notariadepego.com\/en\/privacy-policy\/#breadcrumb","itemListElement":[{"@type":"ListItem","position":1,"name":"Portada","item":"https:\/\/notariadepego.com\/en\/"},{"@type":"ListItem","position":2,"name":"Privacy Policy"}]},{"@type":"WebSite","@id":"https:\/\/notariadepego.com\/en\/#website","url":"https:\/\/notariadepego.com\/en\/","name":"Notar\u00eda de Pego","description":"Notar\u00eda de pego - Manuel Garc\u00eda Guardiola","publisher":{"@id":"https:\/\/notariadepego.com\/en\/#organization"},"potentialAction":[{"@type":"SearchAction","target":{"@type":"EntryPoint","urlTemplate":"https:\/\/notariadepego.com\/en\/?s={search_term_string}"},"query-input":{"@type":"PropertyValueSpecification","valueRequired":true,"valueName":"search_term_string"}}],"inLanguage":"en-US"},{"@type":"Organization","@id":"https:\/\/notariadepego.com\/en\/#organization","name":"Notar\u00eda de Pego","url":"https:\/\/notariadepego.com\/en\/","logo":{"@type":"ImageObject","inLanguage":"en-US","@id":"https:\/\/notariadepego.com\/en\/#\/schema\/logo\/image\/","url":"https:\/\/notariadepego.com\/wp-content\/uploads\/2022\/02\/logo-notaria-pego.png","contentUrl":"https:\/\/notariadepego.com\/wp-content\/uploads\/2022\/02\/logo-notaria-pego.png","width":2513,"height":511,"caption":"Notar\u00eda de Pego"},"image":{"@id":"https:\/\/notariadepego.com\/en\/#\/schema\/logo\/image\/"}}]}},"_links":{"self":[{"href":"https:\/\/notariadepego.com\/en\/wp-json\/wp\/v2\/pages\/2124","targetHints":{"allow":["GET"]}}],"collection":[{"href":"https:\/\/notariadepego.com\/en\/wp-json\/wp\/v2\/pages"}],"about":[{"href":"https:\/\/notariadepego.com\/en\/wp-json\/wp\/v2\/types\/page"}],"author":[{"embeddable":true,"href":"https:\/\/notariadepego.com\/en\/wp-json\/wp\/v2\/users\/1"}],"replies":[{"embeddable":true,"href":"https:\/\/notariadepego.com\/en\/wp-json\/wp\/v2\/comments?post=2124"}],"version-history":[{"count":1,"href":"https:\/\/notariadepego.com\/en\/wp-json\/wp\/v2\/pages\/2124\/revisions"}],"predecessor-version":[{"id":2125,"href":"https:\/\/notariadepego.com\/en\/wp-json\/wp\/v2\/pages\/2124\/revisions\/2125"}],"wp:attachment":[{"href":"https:\/\/notariadepego.com\/en\/wp-json\/wp\/v2\/media?parent=2124"}],"curies":[{"name":"wp","href":"https:\/\/api.w.org\/{rel}","templated":true}]}}