{"id":2126,"date":"2022-03-30T16:14:14","date_gmt":"2022-03-30T14:14:14","guid":{"rendered":"https:\/\/notariadepego.com\/cookies-policy\/"},"modified":"2022-05-17T17:04:28","modified_gmt":"2022-05-17T15:04:28","slug":"cookies-policy","status":"publish","type":"page","link":"https:\/\/notariadepego.com\/en\/cookies-policy\/","title":{"rendered":"Cookies policy"},"content":{"rendered":"\t\t<div data-elementor-type=\"wp-page\" data-elementor-id=\"2126\" class=\"elementor elementor-2126 elementor-1150\">\n\t\t\t\t\t\t<section class=\"elementor-section elementor-top-section elementor-element elementor-element-7d06629 elementor-section-boxed elementor-section-height-default elementor-section-height-default parallax_section_no qode_elementor_container_no\" data-id=\"7d06629\" data-element_type=\"section\">\n\t\t\t\t\t\t<div class=\"elementor-container elementor-column-gap-default\">\n\t\t\t\t\t<div class=\"elementor-column elementor-col-100 elementor-top-column elementor-element elementor-element-fc4978a\" data-id=\"fc4978a\" data-element_type=\"column\">\n\t\t\t<div class=\"elementor-widget-wrap elementor-element-populated\">\n\t\t\t\t\t\t<div class=\"elementor-element elementor-element-91aadca elementor-widget elementor-widget-text-editor\" data-id=\"91aadca\" data-element_type=\"widget\" data-widget_type=\"text-editor.default\">\n\t\t\t\t<div class=\"elementor-widget-container\">\n\t\t\t\t\t\t\t\t\t<p><strong>1. WHAT ARE COOKIES?<\/strong><\/p><p>Cookies are small text files that are downloaded and stored in the user&#8217;s terminal (computer\/smartphone\/tablet) when accessing certain web pages and that allow the Website to remember browsing preferences and navigate efficiently, making the interaction between the user and the Website is faster and easier.<\/p><p>The information collected by cookies is anonymous and does not contain any sensitive information (such as name, address or bank details) since they do not collect data that can personally identify the user.<\/p><p><strong>2. WHAT ARE COOKIES USED FOR?<\/strong><\/p><p>The Website uses cookies or other information storage and retrieval devices to track user interactions with the products and services offered on the Website.<\/p><p>Cookies allow a user&#8217;s browser to be recognized, as well as the type of device from which the Website is accessed, and are used to facilitate the user&#8217;s next visit and make the Website or applications more useful.<\/p><p><strong>3. WHAT TYPES OF COOKIES DOES THE WEBSITE USE?<\/strong><\/p><p>The Website uses the following types of cookies:<\/p>\t\t\t\t\t\t\t\t<\/div>\n\t\t\t\t<\/div>\n\t\t\t\t\t<\/div>\n\t\t<\/div>\n\t\t\t\t\t<\/div>\n\t\t<\/section>\n\t\t\t\t<section class=\"elementor-section elementor-top-section elementor-element elementor-element-e3c442b elementor-section-boxed elementor-section-height-default elementor-section-height-default parallax_section_no qode_elementor_container_no\" data-id=\"e3c442b\" data-element_type=\"section\">\n\t\t\t\t\t\t<div class=\"elementor-container elementor-column-gap-default\">\n\t\t\t\t\t<div class=\"elementor-column elementor-col-100 elementor-top-column elementor-element elementor-element-098c774\" data-id=\"098c774\" data-element_type=\"column\">\n\t\t\t<div class=\"elementor-widget-wrap elementor-element-populated\">\n\t\t\t\t\t\t<div class=\"elementor-element elementor-element-d07a1bd elementor-widget elementor-widget-text-editor\" data-id=\"d07a1bd\" data-element_type=\"widget\" data-widget_type=\"text-editor.default\">\n\t\t\t\t<div class=\"elementor-widget-container\">\n\t\t\t\t\t\t\t\t\t<section class=\"elementor-section elementor-top-section elementor-element elementor-element-e3b7c4f elementor-section-boxed elementor-section-height-default elementor-section-height-default\" data-id=\"e3b7c4f\" data-element_type=\"section\">\n<div class=\"elementor-container elementor-column-gap-default\">\n<div class=\"elementor-row\">\n<div class=\"elementor-column elementor-col-100 elementor-top-column elementor-element elementor-element-ed655b2\" data-id=\"ed655b2\" data-element_type=\"column\">\n<div class=\"elementor-column-wrap elementor-element-populated\">\n<div class=\"elementor-widget-wrap\">\n<div class=\"elementor-element elementor-element-722a18f elementor-widget elementor-widget-text-editor\" data-id=\"722a18f\" data-element_type=\"widget\" data-widget_type=\"text-editor.default\">\n<div class=\"elementor-widget-container\">\n<div class=\"elementor-text-editor elementor-clearfix\"><\/div>\n<\/div>\n<\/div>\n<\/div>\n<\/div>\n<\/div>\n<\/div>\n<\/div>\n<\/section><section class=\"elementor-section elementor-top-section elementor-element elementor-element-2757c52 elementor-section-boxed elementor-section-height-default elementor-section-height-default\" data-id=\"2757c52\" data-element_type=\"section\">\n<div class=\"elementor-container elementor-column-gap-default\">\n<div class=\"elementor-row\">\n<div class=\"elementor-column elementor-col-100 elementor-top-column elementor-element elementor-element-b3d85f7\" data-id=\"b3d85f7\" data-element_type=\"column\">\n<div class=\"elementor-column-wrap elementor-element-populated\">\n<div class=\"elementor-widget-wrap\">\n<div class=\"elementor-element elementor-element-3233a14 elementor-widget elementor-widget-text-editor\" data-id=\"3233a14\" data-element_type=\"widget\" data-widget_type=\"text-editor.default\">\n<div class=\"elementor-widget-container\">\n<div class=\"elementor-text-editor elementor-clearfix\">\n<h4><\/h4>\n<table>\n<tbody>\n<tr>\n<td width=\"100\"><strong>NAME<\/strong><\/td>\n<td width=\"100\"><strong>TYPE<\/strong><\/td>\n<td width=\"100\"><strong>PROPERTY<\/strong><\/td>\n<td width=\"100\"><strong>DURATION<\/strong><\/td>\n<td><strong>PURPOSE<\/strong><\/td>\n<\/tr>\n<tr>\n<td>SIDCC<\/td>\n<td>Analytics<\/td>\n<td>Google<\/td>\n<td>3 months<\/td>\n<td>Provides services and extracts anonymous information about browsing<\/td>\n<\/tr>\n<tr>\n<td>SAPISID<\/td>\n<td>Third parties<\/td>\n<td>Google<\/td>\n<td>Session<\/td>\n<td>Storage of user preferences in Google<\/td>\n<\/tr>\n<tr>\n<td>APISID<\/td>\n<td>Third parties<\/td>\n<td>Google<\/td>\n<td>24 months<\/td>\n<td>Storage of user preferences in Google<\/td>\n<\/tr>\n<tr>\n<td>NID, SID<\/td>\n<td>Third parties<\/td>\n<td>Google<\/td>\n<td>1 year<\/td>\n<td>Analytics cookies, used by Google to make advertising more attractive to users and more valuable to publishers and advertisers. This cookie personalizes the ads displayed on Google properties<\/td>\n<\/tr>\n<tr>\n<td>SSID<\/td>\n<td>Third parties<\/td>\n<td>Google<\/td>\n<td>2 years<\/td>\n<td>Store information, identifiers and preferences in Google<\/td>\n<\/tr>\n<tr>\n<td>HSID<\/td>\n<td>Third parties<\/td>\n<td>Google<\/td>\n<td>Session<\/td>\n<td>Storage of user preferences in Google<\/td>\n<\/tr>\n<tr>\n<td>DV<\/td>\n<td>Third parties<\/td>\n<td>Google<\/td>\n<td>24 hours<\/td>\n<td>It is used by Google to provide services and extract anonymous information about browsing<\/td>\n<\/tr>\n<tr>\n<td>_gid<\/td>\n<td>Third parties<\/td>\n<td>Google<\/td>\n<td>24 hours<\/td>\n<td>It is used to distinguish users.<\/td>\n<\/tr>\n<tr>\n<td>_ga<\/td>\n<td>Third parties<\/td>\n<td>Google<\/td>\n<td>2 years<\/td>\n<td>It is used to distinguish users.<\/td>\n<\/tr>\n<tr>\n<td>moove_gdpr_popup<\/td>\n<td>Session<\/td>\n<td>own<\/td>\n<td>Session<\/td>\n<td>Used to save cookie preferences<\/td>\n<\/tr>\n<\/tbody>\n<\/table>\n<\/div>\n<\/div>\n<\/div>\n<div class=\"elementor-element elementor-element-9bef213 elementor-widget elementor-widget-text-editor\" data-id=\"9bef213\" data-element_type=\"widget\" data-widget_type=\"text-editor.default\">\n<div class=\"elementor-widget-container\">\n<div class=\"elementor-text-editor elementor-clearfix\"><\/div>\n<\/div>\n<\/div>\n<\/div>\n<\/div>\n<\/div>\n<\/div>\n<\/div>\n<\/section>\t\t\t\t\t\t\t\t<\/div>\n\t\t\t\t<\/div>\n\t\t\t\t\t<\/div>\n\t\t<\/div>\n\t\t\t\t\t<\/div>\n\t\t<\/section>\n\t\t\t\t<section class=\"elementor-section elementor-top-section elementor-element elementor-element-91340fa elementor-section-boxed elementor-section-height-default elementor-section-height-default parallax_section_no qode_elementor_container_no\" data-id=\"91340fa\" data-element_type=\"section\">\n\t\t\t\t\t\t<div class=\"elementor-container elementor-column-gap-default\">\n\t\t\t\t\t<div class=\"elementor-column elementor-col-100 elementor-top-column elementor-element elementor-element-06622a0\" data-id=\"06622a0\" data-element_type=\"column\">\n\t\t\t<div class=\"elementor-widget-wrap elementor-element-populated\">\n\t\t\t\t\t\t<div class=\"elementor-element elementor-element-5c32fb9 elementor-widget elementor-widget-text-editor\" data-id=\"5c32fb9\" data-element_type=\"widget\" data-widget_type=\"text-editor.default\">\n\t\t\t\t<div class=\"elementor-widget-container\">\n\t\t\t\t\t\t\t\t\t<p><strong>THIRDPARTY SERVICES<\/strong><\/p><p><strong>4. HOW TO CONFIGURE AND DISABLE COOKIES<\/strong><\/p><p><strong>4.1. 4.1. HOW TO DISABLE COOKIES IN YOUR BROWSER:<\/strong><\/p><p>All browsers allow you to make changes to disable cookie settings. This is why most browsers offer the ability to manage cookies, for more precise control over privacy.<\/p><p>These settings are located in the &#8220;options&#8221; or &#8220;preferences&#8221; menu of your browser.<\/p><p>Below you can find the links for each browser to disable cookies by following the instructions:<\/p><p><strong>Internet Explorer<\/strong> (<a href=\"https:\/\/goo.gl\/vFM6gb\" target=\"_blank\" rel=\"noreferrer noopener\">https:\/\/goo.gl\/vFM6gb<\/a>)<\/p><p><strong>Mozilla Firefox<\/strong> (<a href=\"https:\/\/goo.gl\/QXWYmv\" target=\"_blank\" rel=\"noreferrer noopener\">https:\/\/goo.gl\/QXWYmv<\/a>)<\/p><p><strong>Google Chrome <\/strong>(<a href=\"https:\/\/goo.gl\/fQnkSB\" target=\"_blank\" rel=\"noreferrer noopener\">https:\/\/goo.gl\/fQnkSB<\/a>)<\/p><p><strong>Safari <\/strong>(<a href=\"https:\/\/goo.gl\/PCjEm3\" target=\"_blank\" rel=\"noreferrer noopener\">https:\/\/goo.gl\/PCjEm3<\/a> \/ <a href=\"https:\/\/goo.gl\/dQywEo\" target=\"_blank\" rel=\"noreferrer noopener\">https:\/\/goo.gl\/dQywEo<\/a>)<\/p><p>If you wish not to be tracked by cookies, Google has developed a plug-in to install in your browser that you can access at the following link: <a href=\"https:\/\/goo.gl\/up4ND\" target=\"_blank\" rel=\"noreferrer noopener\">https:\/\/goo.gl\/up4ND<\/a>.<\/p><p><strong>4.2. 4.2. COOKIES ON MOBILE DEVICES:<\/strong><\/p><p>The Website also uses cookies or other storage devices on mobile devices.<\/p><p>As with computer browsers, mobile device browsers allow you to make changes to privacy options or settings to disable or delete cookies.<\/p><p>If you wish to modify the privacy options, follow the instructions specified by the developer of your mobile device browser.<\/p><p>Below you can find some examples of the links that will guide you to modify the privacy options on your mobile device:<\/p><p><strong>IOS<\/strong> (<a href=\"https:\/\/goo.gl\/61xevS\" target=\"_blank\" rel=\"noreferrer noopener\">https:\/\/goo.gl\/61xevS<\/a>)<\/p><p><strong>Windows Phone<\/strong> (<a href=\"https:\/\/goo.gl\/Rx8QQ\" target=\"_blank\" rel=\"noreferrer noopener\">https:\/\/goo.gl\/Rx8QQ<\/a>)<\/p><p><strong>Chrome Mobile<\/strong> (<a href=\"https:\/\/goo.gl\/XJp7N\" target=\"_blank\" rel=\"noreferrer noopener\">http:\/\/goo.gl\/XJp7N<\/a>)<\/p><p><strong>Opera Mobile<\/strong> (<a href=\"https:\/\/goo.gl\/Nzr8s7\" target=\"_blank\" rel=\"noreferrer noopener\">https:\/\/goo.gl\/Nzr8s7<\/a>)<\/p><p><strong>4.5. 4.5. ACCEPTANCE OF COOKIES<\/strong><\/p><p>If you continue browsing, we will understand that you accept the use of cookies by the Website.<\/p><p>We inform you that in the case of blocking or not accepting the installation of cookies, it is possible that certain services will not be available without the use of cookies or that you will not be able to access certain services or take full advantage of everything that this Website offers you.<\/p><p>For more information, you can consult the guide on the use of cookies from the Spanish Agency for Data Protection.<\/p>\t\t\t\t\t\t\t\t<\/div>\n\t\t\t\t<\/div>\n\t\t\t\t<div class=\"elementor-element elementor-element-265382d elementor-widget elementor-widget-spacer\" data-id=\"265382d\" data-element_type=\"widget\" data-widget_type=\"spacer.default\">\n\t\t\t\t<div class=\"elementor-widget-container\">\n\t\t\t\t\t\t\t<div class=\"elementor-spacer\">\n\t\t\t<div class=\"elementor-spacer-inner\"><\/div>\n\t\t<\/div>\n\t\t\t\t\t\t<\/div>\n\t\t\t\t<\/div>\n\t\t\t\t\t<\/div>\n\t\t<\/div>\n\t\t\t\t\t<\/div>\n\t\t<\/section>\n\t\t\t\t<\/div>\n\t\t","protected":false},"excerpt":{"rendered":"<p>1. WHAT ARE COOKIES? Cookies are small text files that are downloaded and stored in the user&#8217;s terminal (computer\/smartphone\/tablet) when accessing certain web pages and that allow the Website to remember browsing preferences and navigate efficiently, making the interaction between the user and the Website&#8230;<\/p>\n","protected":false},"author":1,"featured_media":0,"parent":0,"menu_order":0,"comment_status":"closed","ping_status":"closed","template":"","meta":{"footnotes":""},"class_list":["post-2126","page","type-page","status-publish","hentry"],"yoast_head":"<!-- This site is optimized with the Yoast SEO plugin v27.2 - https:\/\/yoast.com\/product\/yoast-seo-wordpress\/ -->\n<title>Cookies policy - Notar\u00eda de Pego<\/title>\n<meta name=\"robots\" content=\"index, follow, max-snippet:-1, max-image-preview:large, max-video-preview:-1\" \/>\n<link rel=\"canonical\" href=\"https:\/\/notariadepego.com\/en\/cookies-policy\/\" \/>\n<meta property=\"og:locale\" content=\"en_US\" \/>\n<meta property=\"og:type\" content=\"article\" \/>\n<meta property=\"og:title\" content=\"Cookies policy - Notar\u00eda de Pego\" \/>\n<meta property=\"og:description\" content=\"1. WHAT ARE COOKIES? Cookies are small text files that are downloaded and stored in the user&#8217;s terminal (computer\/smartphone\/tablet) when accessing certain web pages and that allow the Website to remember browsing preferences and navigate efficiently, making the interaction between the user and the Website...\" \/>\n<meta property=\"og:url\" content=\"https:\/\/notariadepego.com\/en\/cookies-policy\/\" \/>\n<meta property=\"og:site_name\" content=\"Notar\u00eda de Pego\" \/>\n<meta property=\"article:modified_time\" content=\"2022-05-17T15:04:28+00:00\" \/>\n<meta property=\"og:image\" content=\"https:\/\/notariadepego.com\/wp-content\/uploads\/2022\/02\/logo-notario-pego.png\" \/>\n\t<meta property=\"og:image:width\" content=\"314\" \/>\n\t<meta property=\"og:image:height\" content=\"90\" \/>\n\t<meta property=\"og:image:type\" content=\"image\/png\" \/>\n<meta name=\"twitter:card\" content=\"summary_large_image\" \/>\n<meta name=\"twitter:label1\" content=\"Est. reading time\" \/>\n\t<meta name=\"twitter:data1\" content=\"3 minutes\" \/>\n<script type=\"application\/ld+json\" class=\"yoast-schema-graph\">{\"@context\":\"https:\/\/schema.org\",\"@graph\":[{\"@type\":\"WebPage\",\"@id\":\"https:\/\/notariadepego.com\/en\/cookies-policy\/\",\"url\":\"https:\/\/notariadepego.com\/en\/cookies-policy\/\",\"name\":\"Cookies policy - Notar\u00eda de Pego\",\"isPartOf\":{\"@id\":\"https:\/\/notariadepego.com\/en\/#website\"},\"datePublished\":\"2022-03-30T14:14:14+00:00\",\"dateModified\":\"2022-05-17T15:04:28+00:00\",\"breadcrumb\":{\"@id\":\"https:\/\/notariadepego.com\/en\/cookies-policy\/#breadcrumb\"},\"inLanguage\":\"en-US\",\"potentialAction\":[{\"@type\":\"ReadAction\",\"target\":[\"https:\/\/notariadepego.com\/en\/cookies-policy\/\"]}]},{\"@type\":\"BreadcrumbList\",\"@id\":\"https:\/\/notariadepego.com\/en\/cookies-policy\/#breadcrumb\",\"itemListElement\":[{\"@type\":\"ListItem\",\"position\":1,\"name\":\"Portada\",\"item\":\"https:\/\/notariadepego.com\/en\/\"},{\"@type\":\"ListItem\",\"position\":2,\"name\":\"Cookies policy\"}]},{\"@type\":\"WebSite\",\"@id\":\"https:\/\/notariadepego.com\/en\/#website\",\"url\":\"https:\/\/notariadepego.com\/en\/\",\"name\":\"Notar\u00eda de Pego\",\"description\":\"Notar\u00eda de pego - Manuel Garc\u00eda Guardiola\",\"publisher\":{\"@id\":\"https:\/\/notariadepego.com\/en\/#organization\"},\"potentialAction\":[{\"@type\":\"SearchAction\",\"target\":{\"@type\":\"EntryPoint\",\"urlTemplate\":\"https:\/\/notariadepego.com\/en\/?s={search_term_string}\"},\"query-input\":{\"@type\":\"PropertyValueSpecification\",\"valueRequired\":true,\"valueName\":\"search_term_string\"}}],\"inLanguage\":\"en-US\"},{\"@type\":\"Organization\",\"@id\":\"https:\/\/notariadepego.com\/en\/#organization\",\"name\":\"Notar\u00eda de Pego\",\"url\":\"https:\/\/notariadepego.com\/en\/\",\"logo\":{\"@type\":\"ImageObject\",\"inLanguage\":\"en-US\",\"@id\":\"https:\/\/notariadepego.com\/en\/#\/schema\/logo\/image\/\",\"url\":\"https:\/\/notariadepego.com\/wp-content\/uploads\/2022\/02\/logo-notaria-pego.png\",\"contentUrl\":\"https:\/\/notariadepego.com\/wp-content\/uploads\/2022\/02\/logo-notaria-pego.png\",\"width\":2513,\"height\":511,\"caption\":\"Notar\u00eda de Pego\"},\"image\":{\"@id\":\"https:\/\/notariadepego.com\/en\/#\/schema\/logo\/image\/\"}}]}<\/script>\n<!-- \/ Yoast SEO plugin. -->","yoast_head_json":{"title":"Cookies policy - Notar\u00eda de Pego","robots":{"index":"index","follow":"follow","max-snippet":"max-snippet:-1","max-image-preview":"max-image-preview:large","max-video-preview":"max-video-preview:-1"},"canonical":"https:\/\/notariadepego.com\/en\/cookies-policy\/","og_locale":"en_US","og_type":"article","og_title":"Cookies policy - Notar\u00eda de Pego","og_description":"1. WHAT ARE COOKIES? Cookies are small text files that are downloaded and stored in the user&#8217;s terminal (computer\/smartphone\/tablet) when accessing certain web pages and that allow the Website to remember browsing preferences and navigate efficiently, making the interaction between the user and the Website...","og_url":"https:\/\/notariadepego.com\/en\/cookies-policy\/","og_site_name":"Notar\u00eda de Pego","article_modified_time":"2022-05-17T15:04:28+00:00","og_image":[{"width":314,"height":90,"url":"https:\/\/notariadepego.com\/wp-content\/uploads\/2022\/02\/logo-notario-pego.png","type":"image\/png"}],"twitter_card":"summary_large_image","twitter_misc":{"Est. reading time":"3 minutes"},"schema":{"@context":"https:\/\/schema.org","@graph":[{"@type":"WebPage","@id":"https:\/\/notariadepego.com\/en\/cookies-policy\/","url":"https:\/\/notariadepego.com\/en\/cookies-policy\/","name":"Cookies policy - Notar\u00eda de Pego","isPartOf":{"@id":"https:\/\/notariadepego.com\/en\/#website"},"datePublished":"2022-03-30T14:14:14+00:00","dateModified":"2022-05-17T15:04:28+00:00","breadcrumb":{"@id":"https:\/\/notariadepego.com\/en\/cookies-policy\/#breadcrumb"},"inLanguage":"en-US","potentialAction":[{"@type":"ReadAction","target":["https:\/\/notariadepego.com\/en\/cookies-policy\/"]}]},{"@type":"BreadcrumbList","@id":"https:\/\/notariadepego.com\/en\/cookies-policy\/#breadcrumb","itemListElement":[{"@type":"ListItem","position":1,"name":"Portada","item":"https:\/\/notariadepego.com\/en\/"},{"@type":"ListItem","position":2,"name":"Cookies policy"}]},{"@type":"WebSite","@id":"https:\/\/notariadepego.com\/en\/#website","url":"https:\/\/notariadepego.com\/en\/","name":"Notar\u00eda de Pego","description":"Notar\u00eda de pego - Manuel Garc\u00eda Guardiola","publisher":{"@id":"https:\/\/notariadepego.com\/en\/#organization"},"potentialAction":[{"@type":"SearchAction","target":{"@type":"EntryPoint","urlTemplate":"https:\/\/notariadepego.com\/en\/?s={search_term_string}"},"query-input":{"@type":"PropertyValueSpecification","valueRequired":true,"valueName":"search_term_string"}}],"inLanguage":"en-US"},{"@type":"Organization","@id":"https:\/\/notariadepego.com\/en\/#organization","name":"Notar\u00eda de Pego","url":"https:\/\/notariadepego.com\/en\/","logo":{"@type":"ImageObject","inLanguage":"en-US","@id":"https:\/\/notariadepego.com\/en\/#\/schema\/logo\/image\/","url":"https:\/\/notariadepego.com\/wp-content\/uploads\/2022\/02\/logo-notaria-pego.png","contentUrl":"https:\/\/notariadepego.com\/wp-content\/uploads\/2022\/02\/logo-notaria-pego.png","width":2513,"height":511,"caption":"Notar\u00eda de Pego"},"image":{"@id":"https:\/\/notariadepego.com\/en\/#\/schema\/logo\/image\/"}}]}},"_links":{"self":[{"href":"https:\/\/notariadepego.com\/en\/wp-json\/wp\/v2\/pages\/2126","targetHints":{"allow":["GET"]}}],"collection":[{"href":"https:\/\/notariadepego.com\/en\/wp-json\/wp\/v2\/pages"}],"about":[{"href":"https:\/\/notariadepego.com\/en\/wp-json\/wp\/v2\/types\/page"}],"author":[{"embeddable":true,"href":"https:\/\/notariadepego.com\/en\/wp-json\/wp\/v2\/users\/1"}],"replies":[{"embeddable":true,"href":"https:\/\/notariadepego.com\/en\/wp-json\/wp\/v2\/comments?post=2126"}],"version-history":[{"count":1,"href":"https:\/\/notariadepego.com\/en\/wp-json\/wp\/v2\/pages\/2126\/revisions"}],"predecessor-version":[{"id":2127,"href":"https:\/\/notariadepego.com\/en\/wp-json\/wp\/v2\/pages\/2126\/revisions\/2127"}],"wp:attachment":[{"href":"https:\/\/notariadepego.com\/en\/wp-json\/wp\/v2\/media?parent=2126"}],"curies":[{"name":"wp","href":"https:\/\/api.w.org\/{rel}","templated":true}]}}