{"id":1659,"date":"2022-04-01T09:12:03","date_gmt":"2022-04-01T07:12:03","guid":{"rendered":"https:\/\/notariadepego.com\/avis-legal\/"},"modified":"2022-04-29T11:24:16","modified_gmt":"2022-04-29T09:24:16","slug":"avis-legal","status":"publish","type":"page","link":"https:\/\/notariadepego.com\/val\/avis-legal\/","title":{"rendered":"Avis Legal"},"content":{"rendered":"\t\t<div data-elementor-type=\"wp-page\" data-elementor-id=\"1659\" class=\"elementor elementor-1659 elementor-1196\">\n\t\t\t\t\t\t<section class=\"elementor-section elementor-top-section elementor-element elementor-element-7d06629 elementor-section-boxed elementor-section-height-default elementor-section-height-default parallax_section_no qode_elementor_container_no\" data-id=\"7d06629\" data-element_type=\"section\">\n\t\t\t\t\t\t<div class=\"elementor-container elementor-column-gap-default\">\n\t\t\t\t\t<div class=\"elementor-column elementor-col-100 elementor-top-column elementor-element elementor-element-fc4978a\" data-id=\"fc4978a\" data-element_type=\"column\">\n\t\t\t<div class=\"elementor-widget-wrap elementor-element-populated\">\n\t\t\t\t\t\t<div class=\"elementor-element elementor-element-91aadca elementor-widget elementor-widget-text-editor\" data-id=\"91aadca\" data-element_type=\"widget\" data-widget_type=\"text-editor.default\">\n\t\t\t\t<div class=\"elementor-widget-container\">\n\t\t\t\t\t\t\t\t\t<h2>INFORMACI\u00d3 DE CAR\u00c0CTER LEGAL<\/h2><p> <\/p><p>Aquest portal, titular de Manuel Garc\u00eda Guardiola, est\u00e0 constitu\u00eft pels llocs web associats als dominis seg\u00fcents: notariadepego.es; https:\/\/notariadepego.es<\/p><p>En compliment de l&#8217;article 10 de la Llei 34\/2002, d&#8217;11 de juliol, de Serveis de la Societat de la Informaci\u00f3 i Comer\u00e7 Electr\u00f2nic, a continuaci\u00f3 s&#8217;exposen les dades identificatives de l&#8217;entitat:<\/p><p> <\/p><p>Denominaci\u00f3 Social: <strong>Manuel Garc\u00eda Guardiola<\/strong><br>NIF: <strong>29.193.088-Q<\/strong><br>Domicili Social: <strong>Avenida Jaume I n\u00ba 7 03780 Pego (ALICANTE)<\/strong><\/p><p>Tel\u00e8fon: <strong>965 570 397<\/strong><br>Adre\u00e7a de correu electr\u00f2nic: <strong>notaria@notariamguardiola.com<\/strong><\/p>\t\t\t\t\t\t\t\t<\/div>\n\t\t\t\t<\/div>\n\t\t\t\t<div class=\"elementor-element elementor-element-694ea43 elementor-widget elementor-widget-spacer\" data-id=\"694ea43\" data-element_type=\"widget\" data-widget_type=\"spacer.default\">\n\t\t\t\t<div class=\"elementor-widget-container\">\n\t\t\t\t\t\t\t<div class=\"elementor-spacer\">\n\t\t\t<div class=\"elementor-spacer-inner\"><\/div>\n\t\t<\/div>\n\t\t\t\t\t\t<\/div>\n\t\t\t\t<\/div>\n\t\t\t\t\t<\/div>\n\t\t<\/div>\n\t\t\t\t\t<\/div>\n\t\t<\/section>\n\t\t\t\t<\/div>\n\t\t","protected":false},"excerpt":{"rendered":"<p>INFORMACI\u00d3 DE CAR\u00c0CTER LEGAL Aquest portal, titular de Manuel Garc\u00eda Guardiola, est\u00e0 constitu\u00eft pels llocs web associats als dominis seg\u00fcents: notariadepego.es; https:\/\/notariadepego.es En compliment de l&#8217;article 10 de la Llei 34\/2002, d&#8217;11 de juliol, de Serveis de la Societat de la Informaci\u00f3 i Comer\u00e7 Electr\u00f2nic,&#8230;<\/p>\n","protected":false},"author":1,"featured_media":0,"parent":0,"menu_order":0,"comment_status":"closed","ping_status":"closed","template":"","meta":{"footnotes":""},"class_list":["post-1659","page","type-page","status-publish","hentry"],"yoast_head":"<!-- This site is optimized with the Yoast SEO plugin v27.2 - https:\/\/yoast.com\/product\/yoast-seo-wordpress\/ -->\n<title>Avis Legal - Notar\u00eda de Pego<\/title>\n<meta name=\"robots\" content=\"index, follow, max-snippet:-1, max-image-preview:large, max-video-preview:-1\" \/>\n<link rel=\"canonical\" href=\"https:\/\/notariadepego.com\/val\/avis-legal\/\" \/>\n<meta property=\"og:locale\" content=\"en_US\" \/>\n<meta property=\"og:type\" content=\"article\" \/>\n<meta property=\"og:title\" content=\"Avis Legal - Notar\u00eda de Pego\" \/>\n<meta property=\"og:description\" content=\"INFORMACI\u00d3 DE CAR\u00c0CTER LEGAL Aquest portal, titular de Manuel Garc\u00eda Guardiola, est\u00e0 constitu\u00eft pels llocs web associats als dominis seg\u00fcents: notariadepego.es; https:\/\/notariadepego.es En compliment de l&#8217;article 10 de la Llei 34\/2002, d&#8217;11 de juliol, de Serveis de la Societat de la Informaci\u00f3 i Comer\u00e7 Electr\u00f2nic,...\" \/>\n<meta property=\"og:url\" content=\"https:\/\/notariadepego.com\/val\/avis-legal\/\" \/>\n<meta property=\"og:site_name\" content=\"Notar\u00eda de Pego\" \/>\n<meta property=\"article:modified_time\" content=\"2022-04-29T09:24:16+00:00\" \/>\n<meta property=\"og:image\" content=\"https:\/\/notariadepego.com\/wp-content\/uploads\/2022\/02\/logo-notario-pego.png\" \/>\n\t<meta property=\"og:image:width\" content=\"314\" \/>\n\t<meta property=\"og:image:height\" content=\"90\" \/>\n\t<meta property=\"og:image:type\" content=\"image\/png\" \/>\n<meta name=\"twitter:card\" content=\"summary_large_image\" \/>\n<script type=\"application\/ld+json\" class=\"yoast-schema-graph\">{\"@context\":\"https:\/\/schema.org\",\"@graph\":[{\"@type\":\"WebPage\",\"@id\":\"https:\/\/notariadepego.com\/val\/avis-legal\/\",\"url\":\"https:\/\/notariadepego.com\/val\/avis-legal\/\",\"name\":\"Avis Legal - Notar\u00eda de Pego\",\"isPartOf\":{\"@id\":\"https:\/\/notariadepego.com\/val\/#website\"},\"datePublished\":\"2022-04-01T07:12:03+00:00\",\"dateModified\":\"2022-04-29T09:24:16+00:00\",\"breadcrumb\":{\"@id\":\"https:\/\/notariadepego.com\/val\/avis-legal\/#breadcrumb\"},\"inLanguage\":\"val-es\",\"potentialAction\":[{\"@type\":\"ReadAction\",\"target\":[\"https:\/\/notariadepego.com\/val\/avis-legal\/\"]}]},{\"@type\":\"BreadcrumbList\",\"@id\":\"https:\/\/notariadepego.com\/val\/avis-legal\/#breadcrumb\",\"itemListElement\":[{\"@type\":\"ListItem\",\"position\":1,\"name\":\"Portada\",\"item\":\"https:\/\/notariadepego.com\/val\/\"},{\"@type\":\"ListItem\",\"position\":2,\"name\":\"Avis Legal\"}]},{\"@type\":\"WebSite\",\"@id\":\"https:\/\/notariadepego.com\/val\/#website\",\"url\":\"https:\/\/notariadepego.com\/val\/\",\"name\":\"Notar\u00eda de Pego\",\"description\":\"Notar\u00eda de pego - Manuel Garc\u00eda Guardiola\",\"publisher\":{\"@id\":\"https:\/\/notariadepego.com\/val\/#organization\"},\"potentialAction\":[{\"@type\":\"SearchAction\",\"target\":{\"@type\":\"EntryPoint\",\"urlTemplate\":\"https:\/\/notariadepego.com\/val\/?s={search_term_string}\"},\"query-input\":{\"@type\":\"PropertyValueSpecification\",\"valueRequired\":true,\"valueName\":\"search_term_string\"}}],\"inLanguage\":\"val-es\"},{\"@type\":\"Organization\",\"@id\":\"https:\/\/notariadepego.com\/val\/#organization\",\"name\":\"Notar\u00eda de Pego\",\"url\":\"https:\/\/notariadepego.com\/val\/\",\"logo\":{\"@type\":\"ImageObject\",\"inLanguage\":\"val-es\",\"@id\":\"https:\/\/notariadepego.com\/val\/#\/schema\/logo\/image\/\",\"url\":\"https:\/\/notariadepego.com\/wp-content\/uploads\/2022\/02\/logo-notaria-pego.png\",\"contentUrl\":\"https:\/\/notariadepego.com\/wp-content\/uploads\/2022\/02\/logo-notaria-pego.png\",\"width\":2513,\"height\":511,\"caption\":\"Notar\u00eda de Pego\"},\"image\":{\"@id\":\"https:\/\/notariadepego.com\/val\/#\/schema\/logo\/image\/\"}}]}<\/script>\n<!-- \/ Yoast SEO plugin. -->","yoast_head_json":{"title":"Avis Legal - Notar\u00eda de Pego","robots":{"index":"index","follow":"follow","max-snippet":"max-snippet:-1","max-image-preview":"max-image-preview:large","max-video-preview":"max-video-preview:-1"},"canonical":"https:\/\/notariadepego.com\/val\/avis-legal\/","og_locale":"en_US","og_type":"article","og_title":"Avis Legal - Notar\u00eda de Pego","og_description":"INFORMACI\u00d3 DE CAR\u00c0CTER LEGAL Aquest portal, titular de Manuel Garc\u00eda Guardiola, est\u00e0 constitu\u00eft pels llocs web associats als dominis seg\u00fcents: notariadepego.es; https:\/\/notariadepego.es En compliment de l&#8217;article 10 de la Llei 34\/2002, d&#8217;11 de juliol, de Serveis de la Societat de la Informaci\u00f3 i Comer\u00e7 Electr\u00f2nic,...","og_url":"https:\/\/notariadepego.com\/val\/avis-legal\/","og_site_name":"Notar\u00eda de Pego","article_modified_time":"2022-04-29T09:24:16+00:00","og_image":[{"width":314,"height":90,"url":"https:\/\/notariadepego.com\/wp-content\/uploads\/2022\/02\/logo-notario-pego.png","type":"image\/png"}],"twitter_card":"summary_large_image","schema":{"@context":"https:\/\/schema.org","@graph":[{"@type":"WebPage","@id":"https:\/\/notariadepego.com\/val\/avis-legal\/","url":"https:\/\/notariadepego.com\/val\/avis-legal\/","name":"Avis Legal - Notar\u00eda de Pego","isPartOf":{"@id":"https:\/\/notariadepego.com\/val\/#website"},"datePublished":"2022-04-01T07:12:03+00:00","dateModified":"2022-04-29T09:24:16+00:00","breadcrumb":{"@id":"https:\/\/notariadepego.com\/val\/avis-legal\/#breadcrumb"},"inLanguage":"val-es","potentialAction":[{"@type":"ReadAction","target":["https:\/\/notariadepego.com\/val\/avis-legal\/"]}]},{"@type":"BreadcrumbList","@id":"https:\/\/notariadepego.com\/val\/avis-legal\/#breadcrumb","itemListElement":[{"@type":"ListItem","position":1,"name":"Portada","item":"https:\/\/notariadepego.com\/val\/"},{"@type":"ListItem","position":2,"name":"Avis Legal"}]},{"@type":"WebSite","@id":"https:\/\/notariadepego.com\/val\/#website","url":"https:\/\/notariadepego.com\/val\/","name":"Notar\u00eda de Pego","description":"Notar\u00eda de pego - Manuel Garc\u00eda Guardiola","publisher":{"@id":"https:\/\/notariadepego.com\/val\/#organization"},"potentialAction":[{"@type":"SearchAction","target":{"@type":"EntryPoint","urlTemplate":"https:\/\/notariadepego.com\/val\/?s={search_term_string}"},"query-input":{"@type":"PropertyValueSpecification","valueRequired":true,"valueName":"search_term_string"}}],"inLanguage":"val-es"},{"@type":"Organization","@id":"https:\/\/notariadepego.com\/val\/#organization","name":"Notar\u00eda de Pego","url":"https:\/\/notariadepego.com\/val\/","logo":{"@type":"ImageObject","inLanguage":"val-es","@id":"https:\/\/notariadepego.com\/val\/#\/schema\/logo\/image\/","url":"https:\/\/notariadepego.com\/wp-content\/uploads\/2022\/02\/logo-notaria-pego.png","contentUrl":"https:\/\/notariadepego.com\/wp-content\/uploads\/2022\/02\/logo-notaria-pego.png","width":2513,"height":511,"caption":"Notar\u00eda de Pego"},"image":{"@id":"https:\/\/notariadepego.com\/val\/#\/schema\/logo\/image\/"}}]}},"_links":{"self":[{"href":"https:\/\/notariadepego.com\/val\/wp-json\/wp\/v2\/pages\/1659","targetHints":{"allow":["GET"]}}],"collection":[{"href":"https:\/\/notariadepego.com\/val\/wp-json\/wp\/v2\/pages"}],"about":[{"href":"https:\/\/notariadepego.com\/val\/wp-json\/wp\/v2\/types\/page"}],"author":[{"embeddable":true,"href":"https:\/\/notariadepego.com\/val\/wp-json\/wp\/v2\/users\/1"}],"replies":[{"embeddable":true,"href":"https:\/\/notariadepego.com\/val\/wp-json\/wp\/v2\/comments?post=1659"}],"version-history":[{"count":1,"href":"https:\/\/notariadepego.com\/val\/wp-json\/wp\/v2\/pages\/1659\/revisions"}],"predecessor-version":[{"id":1660,"href":"https:\/\/notariadepego.com\/val\/wp-json\/wp\/v2\/pages\/1659\/revisions\/1660"}],"wp:attachment":[{"href":"https:\/\/notariadepego.com\/val\/wp-json\/wp\/v2\/media?parent=1659"}],"curies":[{"name":"wp","href":"https:\/\/api.w.org\/{rel}","templated":true}]}}