{"id":1661,"date":"2022-03-30T16:14:14","date_gmt":"2022-03-30T14:14:14","guid":{"rendered":"https:\/\/notariadepego.com\/politica-de-cookies\/"},"modified":"2022-04-29T11:37:05","modified_gmt":"2022-04-29T09:37:05","slug":"politica-de-cookies","status":"publish","type":"page","link":"https:\/\/notariadepego.com\/val\/politica-de-cookies\/","title":{"rendered":"Pol\u00edtica de cookies"},"content":{"rendered":"\t\t<div data-elementor-type=\"wp-page\" data-elementor-id=\"1661\" class=\"elementor elementor-1661 elementor-1150\">\n\t\t\t\t\t\t<section class=\"elementor-section elementor-top-section elementor-element elementor-element-7d06629 elementor-section-boxed elementor-section-height-default elementor-section-height-default parallax_section_no qode_elementor_container_no\" data-id=\"7d06629\" data-element_type=\"section\">\n\t\t\t\t\t\t<div class=\"elementor-container elementor-column-gap-default\">\n\t\t\t\t\t<div class=\"elementor-column elementor-col-100 elementor-top-column elementor-element elementor-element-fc4978a\" data-id=\"fc4978a\" data-element_type=\"column\">\n\t\t\t<div class=\"elementor-widget-wrap elementor-element-populated\">\n\t\t\t\t\t\t<div class=\"elementor-element elementor-element-91aadca elementor-widget elementor-widget-text-editor\" data-id=\"91aadca\" data-element_type=\"widget\" data-widget_type=\"text-editor.default\">\n\t\t\t\t<div class=\"elementor-widget-container\">\n\t\t\t\t\t\t\t\t\t<p><strong>1. QU\u00c8 S\u00d3N LES COOKIES?<\/strong><\/p><p>Les cookies s\u00f3n petits arxius de text que es descarreguen i emmagatzemen al terminal (ordinador\/smartphone\/tablet) de l&#8217;usuari en accedir a determinades p\u00e0gines web i que permeten al Lloc Web recordar prefer\u00e8ncies de navegaci\u00f3 i navegar de manera eficient, fent que la interacci\u00f3 entre l&#8217;usuari i el lloc web sigui m\u00e9s r\u00e0pida i f\u00e0cil.<\/p><p>La informaci\u00f3 recollida per les cookies \u00e9s an\u00f2nima i no cont\u00e9 cap informaci\u00f3 sensible (com el nom, l&#8217;adre\u00e7a o els detalls bancaris) ja que aquestes no recullen dades que puguin identificar personalment l&#8217;usuari.<\/p><p><strong>2. PER QU\u00c8 S&#8217;UTILITZEN LES COOKIES?<\/strong><\/p><p>El Lloc Web utilitza cookies o altres dispositius d&#8217;emmagatzematge i recuperaci\u00f3 d&#8217;informaci\u00f3 per fer un seguiment de les interaccions dels usuaris amb els productes i serveis oferts al Lloc Web.<\/p><p>Les cookies permeten recon\u00e8ixer el navegador d&#8217;un usuari, aix\u00ed com el tipus de dispositiu des del qual s&#8217;accedeix al Lloc Web, i s&#8217;utilitzen per facilitar la propera visita de l&#8217;usuari i fer que el Lloc Web o les aplicacions siguin m\u00e9s \u00fatils.<\/p><p><strong>3. QUINS TIPUS DE COOKIES UTILITZA EL LLOC WEB?<\/strong><\/p><p>El Lloc Web utilitza els seg\u00fcents tipus de cookies:<\/p>\t\t\t\t\t\t\t\t<\/div>\n\t\t\t\t<\/div>\n\t\t\t\t\t<\/div>\n\t\t<\/div>\n\t\t\t\t\t<\/div>\n\t\t<\/section>\n\t\t\t\t<section class=\"elementor-section elementor-top-section elementor-element elementor-element-e3c442b elementor-section-boxed elementor-section-height-default elementor-section-height-default parallax_section_no qode_elementor_container_no\" data-id=\"e3c442b\" data-element_type=\"section\">\n\t\t\t\t\t\t<div class=\"elementor-container elementor-column-gap-default\">\n\t\t\t\t\t<div class=\"elementor-column elementor-col-100 elementor-top-column elementor-element elementor-element-098c774\" data-id=\"098c774\" data-element_type=\"column\">\n\t\t\t<div class=\"elementor-widget-wrap elementor-element-populated\">\n\t\t\t\t\t\t<div class=\"elementor-element elementor-element-d07a1bd elementor-widget elementor-widget-text-editor\" data-id=\"d07a1bd\" data-element_type=\"widget\" data-widget_type=\"text-editor.default\">\n\t\t\t\t<div class=\"elementor-widget-container\">\n\t\t\t\t\t\t\t\t\t<section class=\"elementor-section elementor-top-section elementor-element elementor-element-e3b7c4f elementor-section-boxed elementor-section-height-default elementor-section-height-default\" data-id=\"e3b7c4f\" data-element_type=\"section\">\n<div class=\"elementor-container elementor-column-gap-default\">\n<div class=\"elementor-row\">\n<div class=\"elementor-column elementor-col-100 elementor-top-column elementor-element elementor-element-ed655b2\" data-id=\"ed655b2\" data-element_type=\"column\">\n<div class=\"elementor-column-wrap elementor-element-populated\">\n<div class=\"elementor-widget-wrap\">\n<div class=\"elementor-element elementor-element-722a18f elementor-widget elementor-widget-text-editor\" data-id=\"722a18f\" data-element_type=\"widget\" data-widget_type=\"text-editor.default\">\n<div class=\"elementor-widget-container\">\n<div class=\"elementor-text-editor elementor-clearfix\"><\/div>\n<\/div>\n<\/div>\n<\/div>\n<\/div>\n<\/div>\n<\/div>\n<\/div>\n<\/section><section class=\"elementor-section elementor-top-section elementor-element elementor-element-2757c52 elementor-section-boxed elementor-section-height-default elementor-section-height-default\" data-id=\"2757c52\" data-element_type=\"section\">\n<div class=\"elementor-container elementor-column-gap-default\">\n<div class=\"elementor-row\">\n<div class=\"elementor-column elementor-col-100 elementor-top-column elementor-element elementor-element-b3d85f7\" data-id=\"b3d85f7\" data-element_type=\"column\">\n<div class=\"elementor-column-wrap elementor-element-populated\">\n<div class=\"elementor-widget-wrap\">\n<div class=\"elementor-element elementor-element-3233a14 elementor-widget elementor-widget-text-editor\" data-id=\"3233a14\" data-element_type=\"widget\" data-widget_type=\"text-editor.default\">\n<div class=\"elementor-widget-container\">\n<div class=\"elementor-text-editor elementor-clearfix\">\n<h4><\/h4>\n<table>\n<tbody>\n<tr>\n<td width=\"100\"><strong>NOM<\/strong><\/td>\n<td width=\"100\"><strong>TIPUS<\/strong><\/td>\n<td width=\"100\"><strong>PROPIETAT<\/strong><\/td>\n<td width=\"100\"><strong>DURADA<\/strong><\/td>\n<td><strong>FINALITAT<\/strong><\/td>\n<\/tr>\n<tr>\n<td>SIDCC<\/td>\n<td>Anal\u00edtica<\/td>\n<td>Google<\/td>\n<td>3 mesos<\/td>\n<td>Proveeix serveis i extreu informaci\u00f3 an\u00f2nima sobre la navegaci\u00f3<\/td>\n<\/tr>\n<tr>\n<td>SAPISID<\/td>\n<td>Tercers<\/td>\n<td>Google<\/td>\n<td>Sessi\u00f3<\/td>\n<td>Emmagatzematge de les prefer\u00e8ncies de l&#8217;usuari a Google<\/td>\n<\/tr>\n<tr>\n<td>APISID<\/td>\n<td>Tercers<\/td>\n<td>Google<\/td>\n<td>24 mesos<\/td>\n<td>Emmagatzematge de les prefer\u00e8ncies de l&#8217;usuari a Google<\/td>\n<\/tr>\n<tr>\n<td>NID, SID<\/td>\n<td>Tercers<\/td>\n<td>Google<\/td>\n<td>1 any<\/td>\n<td>Cookies d&#8217;an\u00e0lisi, utilitzades per Google per fer que la publicitat sigui m\u00e9s atractiva per als usuaris i m\u00e9s valuosa per als editors i anunciants. Aquesta cookie personalitza els anuncis que es mostren a les propietats de Google<\/td>\n<\/tr>\n<tr>\n<td>SSID<\/td>\n<td>Tercers<\/td>\n<td>Google<\/td>\n<td>2 anys<\/td>\n<td>Emmagatzema informaci\u00f3, identificadors i prefer\u00e8ncies a Google<\/td>\n<\/tr>\n<tr>\n<td>HSID<\/td>\n<td>Tercers<\/td>\n<td>Google<\/td>\n<td>Sessi\u00f3<\/td>\n<td>Emmagatzematge de les prefer\u00e8ncies de l&#8217;usuari a Google<\/td>\n<\/tr>\n<tr>\n<td>DV<\/td>\n<td>Tercers<\/td>\n<td>Google<\/td>\n<td>24 hores<\/td>\n<td>\u00c9s utilitzada per Google per proveir serveis i extreure informaci\u00f3 an\u00f2nima sobre la navegaci\u00f3.<\/td>\n<\/tr>\n<tr>\n<td>_gid<\/td>\n<td>Tercers<\/td>\n<td>Google<\/td>\n<td>24 hores<\/td>\n<td>Es fa servir per distingir els usuaris.<\/td>\n<\/tr>\n<tr>\n<td>_ga<\/td>\n<td>Tercers<\/td>\n<td>Google<\/td>\n<td>2 anys<\/td>\n<td>Es fa servir per distingir els usuaris.<\/td>\n<\/tr>\n<tr>\n<td>moove_gdpr_popup<\/td>\n<td>Sessi\u00f3<\/td>\n<td>Pr\u00f2pia<\/td>\n<td>Sessi\u00f3<\/td>\n<td>Utilitzada per guardar les prefer\u00e8ncies sobre cookies<\/td>\n<\/tr>\n<\/tbody>\n<\/table>\n<\/div>\n<\/div>\n<\/div>\n<div class=\"elementor-element elementor-element-9bef213 elementor-widget elementor-widget-text-editor\" data-id=\"9bef213\" data-element_type=\"widget\" data-widget_type=\"text-editor.default\">\n<div class=\"elementor-widget-container\">\n<div class=\"elementor-text-editor elementor-clearfix\"><\/div>\n<\/div>\n<\/div>\n<\/div>\n<\/div>\n<\/div>\n<\/div>\n<\/div>\n<\/section>\t\t\t\t\t\t\t\t<\/div>\n\t\t\t\t<\/div>\n\t\t\t\t\t<\/div>\n\t\t<\/div>\n\t\t\t\t\t<\/div>\n\t\t<\/section>\n\t\t\t\t<section class=\"elementor-section elementor-top-section elementor-element elementor-element-91340fa elementor-section-boxed elementor-section-height-default elementor-section-height-default parallax_section_no qode_elementor_container_no\" data-id=\"91340fa\" data-element_type=\"section\">\n\t\t\t\t\t\t<div class=\"elementor-container elementor-column-gap-default\">\n\t\t\t\t\t<div class=\"elementor-column elementor-col-100 elementor-top-column elementor-element elementor-element-06622a0\" data-id=\"06622a0\" data-element_type=\"column\">\n\t\t\t<div class=\"elementor-widget-wrap elementor-element-populated\">\n\t\t\t\t\t\t<div class=\"elementor-element elementor-element-5c32fb9 elementor-widget elementor-widget-text-editor\" data-id=\"5c32fb9\" data-element_type=\"widget\" data-widget_type=\"text-editor.default\">\n\t\t\t\t<div class=\"elementor-widget-container\">\n\t\t\t\t\t\t\t\t\t<p><strong>SERVEIS DE TERCERS<\/strong><\/p><p><strong>4. COM CONFIGURAR I DESHABILITAR LES COOKIES<\/strong><\/p><p><strong>4.1. COM DESHABILITAR LES COOKIES AL TEU NAVEGADOR:<\/strong><\/p><p>Tots els navegadors permeten fer canvis per desactivar la configuraci\u00f3 de les cookies. Aquest \u00e9s el motiu pel qual la majoria de navegadors ofereixen la possibilitat d&#8217;administrar les cookies, per obtenir un control m\u00e9s prec\u00eds sobre la privadesa<\/p><p>Aquests par\u00e0metres es troben ubicats a les \u201copcions\u201d o \u201cprefer\u00e8ncies\u201d del men\u00fa del vostre navegador.<\/p><p>A continuaci\u00f3 podreu trobar els links de cada navegador per deshabilitar les cookies seguint les instruccions:<\/p><p><strong>Internet Explorer<\/strong> (<a href=\"https:\/\/goo.gl\/vFM6gb\" target=\"_blank\" rel=\"noreferrer noopener\">https:\/\/goo.gl\/vFM6gb<\/a>)<\/p><p><strong>Mozilla Firefox<\/strong> (<a href=\"https:\/\/goo.gl\/QXWYmv\" target=\"_blank\" rel=\"noreferrer noopener\">https:\/\/goo.gl\/QXWYmv<\/a>)<\/p><p><strong>Google Chrome <\/strong>(<a href=\"https:\/\/goo.gl\/fQnkSB\" target=\"_blank\" rel=\"noreferrer noopener\">https:\/\/goo.gl\/fQnkSB<\/a>)<\/p><p><strong>Safari <\/strong>(<a href=\"https:\/\/goo.gl\/PCjEm3\" target=\"_blank\" rel=\"noreferrer noopener\">https:\/\/goo.gl\/PCjEm3<\/a> \/ <a href=\"https:\/\/goo.gl\/dQywEo\" target=\"_blank\" rel=\"noreferrer noopener\">https:\/\/goo.gl\/dQywEo<\/a>)<\/p><p>Si voleu no ser rastrejat per les cookies, Google ha desenvolupat un complement per instal\u00b7lar al vostre navegador al qual podeu accedir al seg\u00fcent enlla\u00e7: <a href=\"https:\/\/goo.gl\/up4ND\" target=\"_blank\" rel=\"noreferrer noopener\">https:\/\/goo.gl\/up4ND<\/a>.<\/p><p><strong>4.2. COOKIES ALS DISPOSITIUS M\u00d2BILS:<\/strong><\/p><p>El lloc web tamb\u00e9 fa servir galetes o altres dispositius d&#8217;emmagatzematge en dispositius m\u00f2bils.<\/p><p>Igual que passa als navegadors d&#8217;ordinadors, els navegadors dels dispositius m\u00f2bils permeten realitzar canvis en les opcions o ajustaments de privadesa per desactivar o eliminar les cookies.<\/p><p>Si voleu modificar les opcions de privadesa seguiu les instruccions especificades pel desenvolupador del vostre navegador per a dispositiu m\u00f2bil.<\/p><p>A continuaci\u00f3 podreu trobar alguns exemples dels links que us guiaran per modificar les opcions de privadesa al dispositiu m\u00f2bil:<\/p><p><strong>IOS<\/strong> (<a href=\"https:\/\/goo.gl\/61xevS\" target=\"_blank\" rel=\"noreferrer noopener\">https:\/\/goo.gl\/61xevS<\/a>)<\/p><p><strong>Windows Phone<\/strong> (<a href=\"https:\/\/goo.gl\/Rx8QQ\" target=\"_blank\" rel=\"noreferrer noopener\">https:\/\/goo.gl\/Rx8QQ<\/a>)<\/p><p><strong>Chrome Mobile<\/strong> (<a href=\"https:\/\/goo.gl\/XJp7N\" target=\"_blank\" rel=\"noreferrer noopener\">http:\/\/goo.gl\/XJp7N<\/a>)<\/p><p><strong>Opera Mobile<\/strong> (<a href=\"https:\/\/goo.gl\/Nzr8s7\" target=\"_blank\" rel=\"noreferrer noopener\">https:\/\/goo.gl\/Nzr8s7<\/a>)<\/p><p><strong>4.5. ACCEPTACI\u00d3 DE COOKIES<\/strong><\/p><p>Si continua la seva navegaci\u00f3, entendrem que accepta la utilitzaci\u00f3 de les cookies per part del Lloc Web.<\/p><p>Us informem que en el cas de bloquejar o no acceptar la instal\u00b7laci\u00f3 de cookies, \u00e9s possible que certs serveis no estiguin disponibles sense la utilitzaci\u00f3 d&#8217;aquestes o que no pugui accedir a determinats serveis ni tampoc aprofitar del tot tot el que aquest Lloc Web us ofereix .<\/p><p>Per a m\u00e9s informaci\u00f3, podeu consultar la guia sobre l&#8217;\u00fas de les cookies de l&#8217;Ag\u00e8ncia Espanyola de Protecci\u00f3 de Dades.<\/p>\t\t\t\t\t\t\t\t<\/div>\n\t\t\t\t<\/div>\n\t\t\t\t<div class=\"elementor-element elementor-element-265382d elementor-widget elementor-widget-spacer\" data-id=\"265382d\" data-element_type=\"widget\" data-widget_type=\"spacer.default\">\n\t\t\t\t<div class=\"elementor-widget-container\">\n\t\t\t\t\t\t\t<div class=\"elementor-spacer\">\n\t\t\t<div class=\"elementor-spacer-inner\"><\/div>\n\t\t<\/div>\n\t\t\t\t\t\t<\/div>\n\t\t\t\t<\/div>\n\t\t\t\t\t<\/div>\n\t\t<\/div>\n\t\t\t\t\t<\/div>\n\t\t<\/section>\n\t\t\t\t<\/div>\n\t\t","protected":false},"excerpt":{"rendered":"<p>1. QU\u00c8 S\u00d3N LES COOKIES? Les cookies s\u00f3n petits arxius de text que es descarreguen i emmagatzemen al terminal (ordinador\/smartphone\/tablet) de l&#8217;usuari en accedir a determinades p\u00e0gines web i que permeten al Lloc Web recordar prefer\u00e8ncies de navegaci\u00f3 i navegar de manera eficient, fent que&#8230;<\/p>\n","protected":false},"author":1,"featured_media":0,"parent":0,"menu_order":0,"comment_status":"closed","ping_status":"closed","template":"","meta":{"footnotes":""},"class_list":["post-1661","page","type-page","status-publish","hentry"],"yoast_head":"<!-- This site is optimized with the Yoast SEO plugin v27.2 - https:\/\/yoast.com\/product\/yoast-seo-wordpress\/ -->\n<title>Pol\u00edtica de cookies - Notar\u00eda de Pego<\/title>\n<meta name=\"robots\" content=\"index, follow, max-snippet:-1, max-image-preview:large, max-video-preview:-1\" \/>\n<link rel=\"canonical\" href=\"https:\/\/notariadepego.com\/val\/politica-de-cookies\/\" \/>\n<meta property=\"og:locale\" content=\"en_US\" \/>\n<meta property=\"og:type\" content=\"article\" \/>\n<meta property=\"og:title\" content=\"Pol\u00edtica de cookies - Notar\u00eda de Pego\" \/>\n<meta property=\"og:description\" content=\"1. QU\u00c8 S\u00d3N LES COOKIES? Les cookies s\u00f3n petits arxius de text que es descarreguen i emmagatzemen al terminal (ordinador\/smartphone\/tablet) de l&#8217;usuari en accedir a determinades p\u00e0gines web i que permeten al Lloc Web recordar prefer\u00e8ncies de navegaci\u00f3 i navegar de manera eficient, fent que...\" \/>\n<meta property=\"og:url\" content=\"https:\/\/notariadepego.com\/val\/politica-de-cookies\/\" \/>\n<meta property=\"og:site_name\" content=\"Notar\u00eda de Pego\" \/>\n<meta property=\"article:modified_time\" content=\"2022-04-29T09:37:05+00:00\" \/>\n<meta property=\"og:image\" content=\"https:\/\/notariadepego.com\/wp-content\/uploads\/2022\/02\/logo-notario-pego.png\" \/>\n\t<meta property=\"og:image:width\" content=\"314\" \/>\n\t<meta property=\"og:image:height\" content=\"90\" \/>\n\t<meta property=\"og:image:type\" content=\"image\/png\" \/>\n<meta name=\"twitter:card\" content=\"summary_large_image\" \/>\n<meta name=\"twitter:label1\" content=\"Est. reading time\" \/>\n\t<meta name=\"twitter:data1\" content=\"4 minutes\" \/>\n<script type=\"application\/ld+json\" class=\"yoast-schema-graph\">{\"@context\":\"https:\/\/schema.org\",\"@graph\":[{\"@type\":\"WebPage\",\"@id\":\"https:\/\/notariadepego.com\/val\/politica-de-cookies\/\",\"url\":\"https:\/\/notariadepego.com\/val\/politica-de-cookies\/\",\"name\":\"Pol\u00edtica de cookies - Notar\u00eda de Pego\",\"isPartOf\":{\"@id\":\"https:\/\/notariadepego.com\/val\/#website\"},\"datePublished\":\"2022-03-30T14:14:14+00:00\",\"dateModified\":\"2022-04-29T09:37:05+00:00\",\"breadcrumb\":{\"@id\":\"https:\/\/notariadepego.com\/val\/politica-de-cookies\/#breadcrumb\"},\"inLanguage\":\"val-es\",\"potentialAction\":[{\"@type\":\"ReadAction\",\"target\":[\"https:\/\/notariadepego.com\/val\/politica-de-cookies\/\"]}]},{\"@type\":\"BreadcrumbList\",\"@id\":\"https:\/\/notariadepego.com\/val\/politica-de-cookies\/#breadcrumb\",\"itemListElement\":[{\"@type\":\"ListItem\",\"position\":1,\"name\":\"Portada\",\"item\":\"https:\/\/notariadepego.com\/val\/\"},{\"@type\":\"ListItem\",\"position\":2,\"name\":\"Pol\u00edtica de cookies\"}]},{\"@type\":\"WebSite\",\"@id\":\"https:\/\/notariadepego.com\/val\/#website\",\"url\":\"https:\/\/notariadepego.com\/val\/\",\"name\":\"Notar\u00eda de Pego\",\"description\":\"Notar\u00eda de pego - Manuel Garc\u00eda Guardiola\",\"publisher\":{\"@id\":\"https:\/\/notariadepego.com\/val\/#organization\"},\"potentialAction\":[{\"@type\":\"SearchAction\",\"target\":{\"@type\":\"EntryPoint\",\"urlTemplate\":\"https:\/\/notariadepego.com\/val\/?s={search_term_string}\"},\"query-input\":{\"@type\":\"PropertyValueSpecification\",\"valueRequired\":true,\"valueName\":\"search_term_string\"}}],\"inLanguage\":\"val-es\"},{\"@type\":\"Organization\",\"@id\":\"https:\/\/notariadepego.com\/val\/#organization\",\"name\":\"Notar\u00eda de Pego\",\"url\":\"https:\/\/notariadepego.com\/val\/\",\"logo\":{\"@type\":\"ImageObject\",\"inLanguage\":\"val-es\",\"@id\":\"https:\/\/notariadepego.com\/val\/#\/schema\/logo\/image\/\",\"url\":\"https:\/\/notariadepego.com\/wp-content\/uploads\/2022\/02\/logo-notaria-pego.png\",\"contentUrl\":\"https:\/\/notariadepego.com\/wp-content\/uploads\/2022\/02\/logo-notaria-pego.png\",\"width\":2513,\"height\":511,\"caption\":\"Notar\u00eda de Pego\"},\"image\":{\"@id\":\"https:\/\/notariadepego.com\/val\/#\/schema\/logo\/image\/\"}}]}<\/script>\n<!-- \/ Yoast SEO plugin. -->","yoast_head_json":{"title":"Pol\u00edtica de cookies - Notar\u00eda de Pego","robots":{"index":"index","follow":"follow","max-snippet":"max-snippet:-1","max-image-preview":"max-image-preview:large","max-video-preview":"max-video-preview:-1"},"canonical":"https:\/\/notariadepego.com\/val\/politica-de-cookies\/","og_locale":"en_US","og_type":"article","og_title":"Pol\u00edtica de cookies - Notar\u00eda de Pego","og_description":"1. QU\u00c8 S\u00d3N LES COOKIES? Les cookies s\u00f3n petits arxius de text que es descarreguen i emmagatzemen al terminal (ordinador\/smartphone\/tablet) de l&#8217;usuari en accedir a determinades p\u00e0gines web i que permeten al Lloc Web recordar prefer\u00e8ncies de navegaci\u00f3 i navegar de manera eficient, fent que...","og_url":"https:\/\/notariadepego.com\/val\/politica-de-cookies\/","og_site_name":"Notar\u00eda de Pego","article_modified_time":"2022-04-29T09:37:05+00:00","og_image":[{"width":314,"height":90,"url":"https:\/\/notariadepego.com\/wp-content\/uploads\/2022\/02\/logo-notario-pego.png","type":"image\/png"}],"twitter_card":"summary_large_image","twitter_misc":{"Est. reading time":"4 minutes"},"schema":{"@context":"https:\/\/schema.org","@graph":[{"@type":"WebPage","@id":"https:\/\/notariadepego.com\/val\/politica-de-cookies\/","url":"https:\/\/notariadepego.com\/val\/politica-de-cookies\/","name":"Pol\u00edtica de cookies - Notar\u00eda de Pego","isPartOf":{"@id":"https:\/\/notariadepego.com\/val\/#website"},"datePublished":"2022-03-30T14:14:14+00:00","dateModified":"2022-04-29T09:37:05+00:00","breadcrumb":{"@id":"https:\/\/notariadepego.com\/val\/politica-de-cookies\/#breadcrumb"},"inLanguage":"val-es","potentialAction":[{"@type":"ReadAction","target":["https:\/\/notariadepego.com\/val\/politica-de-cookies\/"]}]},{"@type":"BreadcrumbList","@id":"https:\/\/notariadepego.com\/val\/politica-de-cookies\/#breadcrumb","itemListElement":[{"@type":"ListItem","position":1,"name":"Portada","item":"https:\/\/notariadepego.com\/val\/"},{"@type":"ListItem","position":2,"name":"Pol\u00edtica de cookies"}]},{"@type":"WebSite","@id":"https:\/\/notariadepego.com\/val\/#website","url":"https:\/\/notariadepego.com\/val\/","name":"Notar\u00eda de Pego","description":"Notar\u00eda de pego - Manuel Garc\u00eda Guardiola","publisher":{"@id":"https:\/\/notariadepego.com\/val\/#organization"},"potentialAction":[{"@type":"SearchAction","target":{"@type":"EntryPoint","urlTemplate":"https:\/\/notariadepego.com\/val\/?s={search_term_string}"},"query-input":{"@type":"PropertyValueSpecification","valueRequired":true,"valueName":"search_term_string"}}],"inLanguage":"val-es"},{"@type":"Organization","@id":"https:\/\/notariadepego.com\/val\/#organization","name":"Notar\u00eda de Pego","url":"https:\/\/notariadepego.com\/val\/","logo":{"@type":"ImageObject","inLanguage":"val-es","@id":"https:\/\/notariadepego.com\/val\/#\/schema\/logo\/image\/","url":"https:\/\/notariadepego.com\/wp-content\/uploads\/2022\/02\/logo-notaria-pego.png","contentUrl":"https:\/\/notariadepego.com\/wp-content\/uploads\/2022\/02\/logo-notaria-pego.png","width":2513,"height":511,"caption":"Notar\u00eda de Pego"},"image":{"@id":"https:\/\/notariadepego.com\/val\/#\/schema\/logo\/image\/"}}]}},"_links":{"self":[{"href":"https:\/\/notariadepego.com\/val\/wp-json\/wp\/v2\/pages\/1661","targetHints":{"allow":["GET"]}}],"collection":[{"href":"https:\/\/notariadepego.com\/val\/wp-json\/wp\/v2\/pages"}],"about":[{"href":"https:\/\/notariadepego.com\/val\/wp-json\/wp\/v2\/types\/page"}],"author":[{"embeddable":true,"href":"https:\/\/notariadepego.com\/val\/wp-json\/wp\/v2\/users\/1"}],"replies":[{"embeddable":true,"href":"https:\/\/notariadepego.com\/val\/wp-json\/wp\/v2\/comments?post=1661"}],"version-history":[{"count":1,"href":"https:\/\/notariadepego.com\/val\/wp-json\/wp\/v2\/pages\/1661\/revisions"}],"predecessor-version":[{"id":1662,"href":"https:\/\/notariadepego.com\/val\/wp-json\/wp\/v2\/pages\/1661\/revisions\/1662"}],"wp:attachment":[{"href":"https:\/\/notariadepego.com\/val\/wp-json\/wp\/v2\/media?parent=1661"}],"curies":[{"name":"wp","href":"https:\/\/api.w.org\/{rel}","templated":true}]}}