{"id":2411,"date":"2021-02-18T10:34:36","date_gmt":"2021-02-18T09:34:36","guid":{"rendered":"https:\/\/notariadepego.com\/afectats-per-lincendi-de-la-vall-debo\/"},"modified":"2022-08-17T13:51:29","modified_gmt":"2022-08-17T11:51:29","slug":"afectats-per-lincendi-de-la-vall-debo","status":"publish","type":"page","link":"https:\/\/notariadepego.com\/val\/afectats-per-lincendi-de-la-vall-debo\/","title":{"rendered":"Afectats per l&#8217;incendi de La Vall d&#8217;Ebo"},"content":{"rendered":"\t\t<div data-elementor-type=\"wp-page\" data-elementor-id=\"2411\" class=\"elementor elementor-2411 elementor-498\">\n\t\t\t\t\t\t<section class=\"elementor-section elementor-top-section elementor-element elementor-element-58e226e elementor-section-full_width elementor-section-height-default elementor-section-height-default parallax_section_no qode_elementor_container_no\" data-id=\"58e226e\" data-element_type=\"section\" data-settings=\"{&quot;background_background&quot;:&quot;classic&quot;}\">\n\t\t\t\t\t\t<div class=\"elementor-container elementor-column-gap-default\">\n\t\t\t\t\t<div class=\"elementor-column elementor-col-100 elementor-top-column elementor-element elementor-element-9e3abf4\" data-id=\"9e3abf4\" data-element_type=\"column\">\n\t\t\t<div class=\"elementor-widget-wrap elementor-element-populated\">\n\t\t\t\t\t\t<section class=\"elementor-section elementor-inner-section elementor-element elementor-element-fed6667 elementor-section-full_width qode_elementor_container_inner elementor-section-height-default elementor-section-height-default parallax_section_no\" data-id=\"fed6667\" data-element_type=\"section\">\n\t\t\t\t\t\t<div class=\"elementor-container elementor-column-gap-default\">\n\t\t\t\t\t<div class=\"elementor-column elementor-col-66 elementor-inner-column elementor-element elementor-element-a51a258\" data-id=\"a51a258\" data-element_type=\"column\">\n\t\t\t<div class=\"elementor-widget-wrap elementor-element-populated\">\n\t\t\t\t\t\t<div class=\"elementor-element elementor-element-ea770d6 elementor-widget elementor-widget-heading\" data-id=\"ea770d6\" data-element_type=\"widget\" data-widget_type=\"heading.default\">\n\t\t\t\t<div class=\"elementor-widget-container\">\n\t\t\t\t\t<h3 class=\"elementor-heading-title elementor-size-default\">La Notaria de Pego ofereix la seua ajuda als afectats per l'incendi de La Vall d'Ebo<\/h3>\t\t\t\t<\/div>\n\t\t\t\t<\/div>\n\t\t\t\t<div class=\"elementor-element elementor-element-e5857e9 elementor-widget elementor-widget-spacer\" data-id=\"e5857e9\" data-element_type=\"widget\" data-widget_type=\"spacer.default\">\n\t\t\t\t<div class=\"elementor-widget-container\">\n\t\t\t\t\t\t\t<div class=\"elementor-spacer\">\n\t\t\t<div class=\"elementor-spacer-inner\"><\/div>\n\t\t<\/div>\n\t\t\t\t\t\t<\/div>\n\t\t\t\t<\/div>\n\t\t\t\t<div class=\"elementor-element elementor-element-86786c0 elementor-widget elementor-widget-text-editor\" data-id=\"86786c0\" data-element_type=\"widget\" data-widget_type=\"text-editor.default\">\n\t\t\t\t<div class=\"elementor-widget-container\">\n\t\t\t\t\t\t\t\t\t<h5>El Notari de Pego, Manuel Garc\u00eda Guardiola, prestar\u00e0 els serveis que siguen necessaris per a ajudar als damnificats per l&#8217;incendi.<\/h5>\t\t\t\t\t\t\t\t<\/div>\n\t\t\t\t<\/div>\n\t\t\t\t<div class=\"elementor-element elementor-element-9396fc8 elementor-widget elementor-widget-spacer\" data-id=\"9396fc8\" data-element_type=\"widget\" data-widget_type=\"spacer.default\">\n\t\t\t\t<div class=\"elementor-widget-container\">\n\t\t\t\t\t\t\t<div class=\"elementor-spacer\">\n\t\t\t<div class=\"elementor-spacer-inner\"><\/div>\n\t\t<\/div>\n\t\t\t\t\t\t<\/div>\n\t\t\t\t<\/div>\n\t\t\t\t<div class=\"elementor-element elementor-element-da41706 elementor-widget elementor-widget-text-editor\" data-id=\"da41706\" data-element_type=\"widget\" data-widget_type=\"text-editor.default\">\n\t\t\t\t<div class=\"elementor-widget-container\">\n\t\t\t\t\t\t\t\t\tLa Notaria de Pego, Manuel Garc\u00eda Guardiola prestar\u00e0 la seua ajuda als afectats per l&#8217;incendi de La Vall d&#8217;Ebo. Amb aquest servei es vol facilitar els tr\u00e0mits a les persones afectades, que podran rebre assessorament notarial, recuperar documentaci\u00f3 destru\u00efda, i facilitar la prova documental de drets existents. A m\u00e9s, tamb\u00e9 s&#8217;oferir\u00e0 soluci\u00f3 a altres dificultats que es plantegen. \t\t\t\t\t\t\t\t<\/div>\n\t\t\t\t<\/div>\n\t\t\t\t<div class=\"elementor-element elementor-element-aab92a0 elementor-widget elementor-widget-spacer\" data-id=\"aab92a0\" data-element_type=\"widget\" data-widget_type=\"spacer.default\">\n\t\t\t\t<div class=\"elementor-widget-container\">\n\t\t\t\t\t\t\t<div class=\"elementor-spacer\">\n\t\t\t<div class=\"elementor-spacer-inner\"><\/div>\n\t\t<\/div>\n\t\t\t\t\t\t<\/div>\n\t\t\t\t<\/div>\n\t\t\t\t\t<\/div>\n\t\t<\/div>\n\t\t\t\t<div class=\"elementor-column elementor-col-33 elementor-inner-column elementor-element elementor-element-bc0f77c\" data-id=\"bc0f77c\" data-element_type=\"column\">\n\t\t\t<div class=\"elementor-widget-wrap elementor-element-populated\">\n\t\t\t\t\t\t<div class=\"elementor-element elementor-element-acf15d6 elementor-widget elementor-widget-image\" data-id=\"acf15d6\" data-element_type=\"widget\" data-widget_type=\"image.default\">\n\t\t\t\t<div class=\"elementor-widget-container\">\n\t\t\t\t\t\t\t\t\t\t\t\t\t\t\t<img decoding=\"async\" src=\"http:\/\/notariadepego.com\/wp-content\/uploads\/2021\/02\/consumer-image-1.jpg\" title=\"\" alt=\"\" loading=\"lazy\" \/>\t\t\t\t\t\t\t\t\t\t\t\t\t\t\t<\/div>\n\t\t\t\t<\/div>\n\t\t\t\t\t<\/div>\n\t\t<\/div>\n\t\t\t\t\t<\/div>\n\t\t<\/section>\n\t\t\t\t\t<\/div>\n\t\t<\/div>\n\t\t\t\t\t<\/div>\n\t\t<\/section>\n\t\t\t\t<section class=\"elementor-section elementor-top-section elementor-element elementor-element-bf758e1 elementor-section-full_width qode_elementor_container_inner elementor-section-height-default elementor-section-height-default parallax_section_no\" data-id=\"bf758e1\" data-element_type=\"section\">\n\t\t\t\t\t\t<div class=\"elementor-container elementor-column-gap-default\">\n\t\t\t\t\t<div class=\"elementor-column elementor-col-66 elementor-top-column elementor-element elementor-element-3dec471\" data-id=\"3dec471\" data-element_type=\"column\">\n\t\t\t<div class=\"elementor-widget-wrap elementor-element-populated\">\n\t\t\t\t\t\t<div class=\"elementor-element elementor-element-dd8a8d8 elementor-widget elementor-widget-heading\" data-id=\"dd8a8d8\" data-element_type=\"widget\" data-widget_type=\"heading.default\">\n\t\t\t\t<div class=\"elementor-widget-container\">\n\t\t\t\t\t<h4 class=\"elementor-heading-title elementor-size-default\">Per a m\u00e9s informaci\u00f3 s'ha habilitat aquest formulari i el tel\u00e8fon per a WhatsApp <b>691 165 800<\/b><\/h4>\t\t\t\t<\/div>\n\t\t\t\t<\/div>\n\t\t\t\t<div class=\"elementor-element elementor-element-608e2d5 elementor-widget elementor-widget-spacer\" data-id=\"608e2d5\" data-element_type=\"widget\" data-widget_type=\"spacer.default\">\n\t\t\t\t<div class=\"elementor-widget-container\">\n\t\t\t\t\t\t\t<div class=\"elementor-spacer\">\n\t\t\t<div class=\"elementor-spacer-inner\"><\/div>\n\t\t<\/div>\n\t\t\t\t\t\t<\/div>\n\t\t\t\t<\/div>\n\t\t\t\t<div class=\"elementor-element elementor-element-6ef4eb1 elementor-widget elementor-widget-bridge_cf_7\" data-id=\"6ef4eb1\" data-element_type=\"widget\" data-widget_type=\"bridge_cf_7.default\">\n\t\t\t\t<div class=\"elementor-widget-container\">\n\t\t\t\t\t    <div class=\"qode-contact-form-7 qode-contact-form-7-0\">\n    \n<div class=\"wpcf7 no-js\" id=\"wpcf7-f2413-o1\" lang=\"es-ES\" dir=\"ltr\" data-wpcf7-id=\"2413\">\n<div class=\"screen-reader-response\"><p role=\"status\" aria-live=\"polite\" aria-atomic=\"true\"><\/p> <ul><\/ul><\/div>\n<form action=\"\/val\/wp-json\/wp\/v2\/pages\/2411#wpcf7-f2413-o1\" method=\"post\" class=\"wpcf7-form init cf7_custom_style_1\" aria-label=\"Contact form\" novalidate=\"novalidate\" data-status=\"init\">\n<fieldset class=\"hidden-fields-container\"><input type=\"hidden\" name=\"_wpcf7\" value=\"2413\" \/><input type=\"hidden\" name=\"_wpcf7_version\" value=\"6.1.5\" \/><input type=\"hidden\" name=\"_wpcf7_locale\" value=\"es_ES\" \/><input type=\"hidden\" name=\"_wpcf7_unit_tag\" value=\"wpcf7-f2413-o1\" \/><input type=\"hidden\" name=\"_wpcf7_container_post\" value=\"0\" \/><input type=\"hidden\" name=\"_wpcf7_posted_data_hash\" value=\"\" \/>\n<\/fieldset>\n<div class=\"wpcf7-turnstile cf-turnstile\" data-sitekey=\"0x4AAAAAABy485muGcd23zZ8\" data-response-field-name=\"_wpcf7_turnstile_response\"><\/div>\n\n<p> <span class=\"wpcf7-form-control-wrap\" data-name=\"your-name\"><input size=\"40\" maxlength=\"400\" class=\"wpcf7-form-control wpcf7-text wpcf7-validates-as-required\" aria-required=\"true\" aria-invalid=\"false\" placeholder=\"NOM\" value=\"\" type=\"text\" name=\"your-name\" \/><\/span> <\/p>\n\n<p>  <span class=\"wpcf7-form-control-wrap\" data-name=\"your-email\"><input size=\"40\" maxlength=\"400\" class=\"wpcf7-form-control wpcf7-email wpcf7-validates-as-required wpcf7-text wpcf7-validates-as-email\" aria-required=\"true\" aria-invalid=\"false\" placeholder=\"EMAIL\" value=\"\" type=\"email\" name=\"your-email\" \/><\/span> <\/p>\n\n<p> <span class=\"wpcf7-form-control-wrap\" data-name=\"tel-132\"><input size=\"40\" maxlength=\"400\" class=\"wpcf7-form-control wpcf7-tel wpcf7-text wpcf7-validates-as-tel\" aria-invalid=\"false\" placeholder=\"TEL\u00c8FON\" value=\"\" type=\"tel\" name=\"tel-132\" \/><\/span> <\/p>\n\n\n<p> <span class=\"wpcf7-form-control-wrap\" data-name=\"your-message\"><textarea cols=\"40\" rows=\"10\" maxlength=\"2000\" class=\"wpcf7-form-control wpcf7-textarea\" aria-invalid=\"false\" placeholder=\"MISSATGE\" name=\"your-message\"><\/textarea><\/span> <\/p>\n\n\n<p><span class=\"wpcf7-form-control-wrap\" data-name=\"acceptance-366\"><span class=\"wpcf7-form-control wpcf7-acceptance\"><span class=\"wpcf7-list-item\"><input type=\"checkbox\" name=\"acceptance-366\" value=\"1\" aria-invalid=\"false\" \/><\/span><\/span><\/span> Acepte la <a href=\"\/politica-privacidad\/\">Pol\u00edtica de privacitat<\/a> i el <a href=\"\/aviso-legal\/\">Av\u00eds Legal.<\/a><\/p>\n\n<br \/>\n\n<p><input class=\"wpcf7-form-control wpcf7-submit has-spinner mk-button outline-button medium\" type=\"submit\" value=\"Enviar\" \/><\/p>\n\n<div style=\"overflow: auto; height: 100px; \">\n\n<p class=\"extracto\">\nInformaci\u00f3 b\u00e0sica sobre Protecci\u00f3 de Dades<br>\n\u00b7 Responsable de les dades: Manuel Garc\u00eda Guardiola<br>\n\u00b7 Finalitat de les dades: poder respondre a la vostra sol\u00b7licitud de consulta mitjan\u00e7ant qualsevol mitj\u00e0 (electr\u00f2nic o telef\u00f2nic).<br>\n\u00b7 Legitimaci\u00f3: Consentiment de l'interessat.<br>\n\u00b7 Destinataris i emmagatzematge de les dades: El formulari s'enviar\u00e0 mitjan\u00e7ant un correu electr\u00f2nic a una adre\u00e7a de la Notaria Manuel Garc\u00eda Guardiola (Notaria de Pego).<br>\n\u00b7 Drets: En qualsevol moment pots limitar, recuperar i esborrar la teva informaci\u00f3.\n\n<\/div><div class=\"wpcf7-response-output\" aria-hidden=\"true\"><\/div>\n<\/form>\n<\/div>\n    <\/div>\n\t\t\t\t<\/div>\n\t\t\t\t<\/div>\n\t\t\t\t\t<\/div>\n\t\t<\/div>\n\t\t\t\t<div class=\"elementor-column elementor-col-33 elementor-top-column elementor-element elementor-element-0f581a3\" data-id=\"0f581a3\" data-element_type=\"column\">\n\t\t\t<div class=\"elementor-widget-wrap\">\n\t\t\t\t\t\t\t<\/div>\n\t\t<\/div>\n\t\t\t\t\t<\/div>\n\t\t<\/section>\n\t\t\t\t<\/div>\n\t\t","protected":false},"excerpt":{"rendered":"<p>La Notaria de Pego ofereix la seua ajuda als afectats per l&#8217;incendi de La Vall d&#8217;Ebo El Notari de Pego, Manuel Garc\u00eda Guardiola, prestar\u00e0 els serveis que siguen necessaris per a ajudar als damnificats per l&#8217;incendi. La Notaria de Pego, Manuel Garc\u00eda Guardiola prestar\u00e0 la&#8230;<\/p>\n","protected":false},"author":1,"featured_media":0,"parent":0,"menu_order":0,"comment_status":"closed","ping_status":"closed","template":"full_width.php","meta":{"footnotes":""},"class_list":["post-2411","page","type-page","status-publish","hentry"],"yoast_head":"<!-- This site is optimized with the Yoast SEO plugin v27.2 - https:\/\/yoast.com\/product\/yoast-seo-wordpress\/ -->\n<title>Afectats per l&#039;incendi de La Vall d&#039;Ebo - Notar\u00eda de Pego<\/title>\n<meta name=\"robots\" content=\"index, follow, max-snippet:-1, max-image-preview:large, max-video-preview:-1\" \/>\n<link rel=\"canonical\" href=\"https:\/\/notariadepego.com\/val\/afectats-per-lincendi-de-la-vall-debo\/\" \/>\n<meta property=\"og:locale\" content=\"en_US\" \/>\n<meta property=\"og:type\" content=\"article\" \/>\n<meta property=\"og:title\" content=\"Afectats per l&#039;incendi de La Vall d&#039;Ebo - Notar\u00eda de Pego\" \/>\n<meta property=\"og:description\" content=\"La Notaria de Pego ofereix la seua ajuda als afectats per l&#8217;incendi de La Vall d&#8217;Ebo El Notari de Pego, Manuel Garc\u00eda Guardiola, prestar\u00e0 els serveis que siguen necessaris per a ajudar als damnificats per l&#8217;incendi. La Notaria de Pego, Manuel Garc\u00eda Guardiola prestar\u00e0 la...\" \/>\n<meta property=\"og:url\" content=\"https:\/\/notariadepego.com\/val\/afectats-per-lincendi-de-la-vall-debo\/\" \/>\n<meta property=\"og:site_name\" content=\"Notar\u00eda de Pego\" \/>\n<meta property=\"article:modified_time\" content=\"2022-08-17T11:51:29+00:00\" \/>\n<meta property=\"og:image\" content=\"http:\/\/notariadepego.com\/wp-content\/uploads\/2021\/02\/consumer-image-1.jpg\" \/>\n<meta name=\"twitter:card\" content=\"summary_large_image\" \/>\n<meta name=\"twitter:label1\" content=\"Est. reading time\" \/>\n\t<meta name=\"twitter:data1\" content=\"1 minute\" \/>\n<script type=\"application\/ld+json\" class=\"yoast-schema-graph\">{\"@context\":\"https:\/\/schema.org\",\"@graph\":[{\"@type\":\"WebPage\",\"@id\":\"https:\/\/notariadepego.com\/val\/afectats-per-lincendi-de-la-vall-debo\/\",\"url\":\"https:\/\/notariadepego.com\/val\/afectats-per-lincendi-de-la-vall-debo\/\",\"name\":\"Afectats per l'incendi de La Vall d'Ebo - Notar\u00eda de Pego\",\"isPartOf\":{\"@id\":\"https:\/\/notariadepego.com\/val\/#website\"},\"primaryImageOfPage\":{\"@id\":\"https:\/\/notariadepego.com\/val\/afectats-per-lincendi-de-la-vall-debo\/#primaryimage\"},\"image\":{\"@id\":\"https:\/\/notariadepego.com\/val\/afectats-per-lincendi-de-la-vall-debo\/#primaryimage\"},\"thumbnailUrl\":\"http:\/\/notariadepego.com\/wp-content\/uploads\/2021\/02\/consumer-image-1.jpg\",\"datePublished\":\"2021-02-18T09:34:36+00:00\",\"dateModified\":\"2022-08-17T11:51:29+00:00\",\"breadcrumb\":{\"@id\":\"https:\/\/notariadepego.com\/val\/afectats-per-lincendi-de-la-vall-debo\/#breadcrumb\"},\"inLanguage\":\"val-es\",\"potentialAction\":[{\"@type\":\"ReadAction\",\"target\":[\"https:\/\/notariadepego.com\/val\/afectats-per-lincendi-de-la-vall-debo\/\"]}]},{\"@type\":\"ImageObject\",\"inLanguage\":\"val-es\",\"@id\":\"https:\/\/notariadepego.com\/val\/afectats-per-lincendi-de-la-vall-debo\/#primaryimage\",\"url\":\"http:\/\/notariadepego.com\/wp-content\/uploads\/2021\/02\/consumer-image-1.jpg\",\"contentUrl\":\"http:\/\/notariadepego.com\/wp-content\/uploads\/2021\/02\/consumer-image-1.jpg\"},{\"@type\":\"BreadcrumbList\",\"@id\":\"https:\/\/notariadepego.com\/val\/afectats-per-lincendi-de-la-vall-debo\/#breadcrumb\",\"itemListElement\":[{\"@type\":\"ListItem\",\"position\":1,\"name\":\"Portada\",\"item\":\"https:\/\/notariadepego.com\/val\/\"},{\"@type\":\"ListItem\",\"position\":2,\"name\":\"Afectats per l&#8217;incendi de La Vall d&#8217;Ebo\"}]},{\"@type\":\"WebSite\",\"@id\":\"https:\/\/notariadepego.com\/val\/#website\",\"url\":\"https:\/\/notariadepego.com\/val\/\",\"name\":\"Notar\u00eda de Pego\",\"description\":\"Notar\u00eda de pego - Manuel Garc\u00eda Guardiola\",\"publisher\":{\"@id\":\"https:\/\/notariadepego.com\/val\/#organization\"},\"potentialAction\":[{\"@type\":\"SearchAction\",\"target\":{\"@type\":\"EntryPoint\",\"urlTemplate\":\"https:\/\/notariadepego.com\/val\/?s={search_term_string}\"},\"query-input\":{\"@type\":\"PropertyValueSpecification\",\"valueRequired\":true,\"valueName\":\"search_term_string\"}}],\"inLanguage\":\"val-es\"},{\"@type\":\"Organization\",\"@id\":\"https:\/\/notariadepego.com\/val\/#organization\",\"name\":\"Notar\u00eda de Pego\",\"url\":\"https:\/\/notariadepego.com\/val\/\",\"logo\":{\"@type\":\"ImageObject\",\"inLanguage\":\"val-es\",\"@id\":\"https:\/\/notariadepego.com\/val\/#\/schema\/logo\/image\/\",\"url\":\"https:\/\/notariadepego.com\/wp-content\/uploads\/2022\/02\/logo-notaria-pego.png\",\"contentUrl\":\"https:\/\/notariadepego.com\/wp-content\/uploads\/2022\/02\/logo-notaria-pego.png\",\"width\":2513,\"height\":511,\"caption\":\"Notar\u00eda de Pego\"},\"image\":{\"@id\":\"https:\/\/notariadepego.com\/val\/#\/schema\/logo\/image\/\"}}]}<\/script>\n<!-- \/ Yoast SEO plugin. -->","yoast_head_json":{"title":"Afectats per l'incendi de La Vall d'Ebo - Notar\u00eda de Pego","robots":{"index":"index","follow":"follow","max-snippet":"max-snippet:-1","max-image-preview":"max-image-preview:large","max-video-preview":"max-video-preview:-1"},"canonical":"https:\/\/notariadepego.com\/val\/afectats-per-lincendi-de-la-vall-debo\/","og_locale":"en_US","og_type":"article","og_title":"Afectats per l'incendi de La Vall d'Ebo - Notar\u00eda de Pego","og_description":"La Notaria de Pego ofereix la seua ajuda als afectats per l&#8217;incendi de La Vall d&#8217;Ebo El Notari de Pego, Manuel Garc\u00eda Guardiola, prestar\u00e0 els serveis que siguen necessaris per a ajudar als damnificats per l&#8217;incendi. La Notaria de Pego, Manuel Garc\u00eda Guardiola prestar\u00e0 la...","og_url":"https:\/\/notariadepego.com\/val\/afectats-per-lincendi-de-la-vall-debo\/","og_site_name":"Notar\u00eda de Pego","article_modified_time":"2022-08-17T11:51:29+00:00","og_image":[{"url":"http:\/\/notariadepego.com\/wp-content\/uploads\/2021\/02\/consumer-image-1.jpg","type":"","width":"","height":""}],"twitter_card":"summary_large_image","twitter_misc":{"Est. reading time":"1 minute"},"schema":{"@context":"https:\/\/schema.org","@graph":[{"@type":"WebPage","@id":"https:\/\/notariadepego.com\/val\/afectats-per-lincendi-de-la-vall-debo\/","url":"https:\/\/notariadepego.com\/val\/afectats-per-lincendi-de-la-vall-debo\/","name":"Afectats per l'incendi de La Vall d'Ebo - Notar\u00eda de Pego","isPartOf":{"@id":"https:\/\/notariadepego.com\/val\/#website"},"primaryImageOfPage":{"@id":"https:\/\/notariadepego.com\/val\/afectats-per-lincendi-de-la-vall-debo\/#primaryimage"},"image":{"@id":"https:\/\/notariadepego.com\/val\/afectats-per-lincendi-de-la-vall-debo\/#primaryimage"},"thumbnailUrl":"http:\/\/notariadepego.com\/wp-content\/uploads\/2021\/02\/consumer-image-1.jpg","datePublished":"2021-02-18T09:34:36+00:00","dateModified":"2022-08-17T11:51:29+00:00","breadcrumb":{"@id":"https:\/\/notariadepego.com\/val\/afectats-per-lincendi-de-la-vall-debo\/#breadcrumb"},"inLanguage":"val-es","potentialAction":[{"@type":"ReadAction","target":["https:\/\/notariadepego.com\/val\/afectats-per-lincendi-de-la-vall-debo\/"]}]},{"@type":"ImageObject","inLanguage":"val-es","@id":"https:\/\/notariadepego.com\/val\/afectats-per-lincendi-de-la-vall-debo\/#primaryimage","url":"http:\/\/notariadepego.com\/wp-content\/uploads\/2021\/02\/consumer-image-1.jpg","contentUrl":"http:\/\/notariadepego.com\/wp-content\/uploads\/2021\/02\/consumer-image-1.jpg"},{"@type":"BreadcrumbList","@id":"https:\/\/notariadepego.com\/val\/afectats-per-lincendi-de-la-vall-debo\/#breadcrumb","itemListElement":[{"@type":"ListItem","position":1,"name":"Portada","item":"https:\/\/notariadepego.com\/val\/"},{"@type":"ListItem","position":2,"name":"Afectats per l&#8217;incendi de La Vall d&#8217;Ebo"}]},{"@type":"WebSite","@id":"https:\/\/notariadepego.com\/val\/#website","url":"https:\/\/notariadepego.com\/val\/","name":"Notar\u00eda de Pego","description":"Notar\u00eda de pego - Manuel Garc\u00eda Guardiola","publisher":{"@id":"https:\/\/notariadepego.com\/val\/#organization"},"potentialAction":[{"@type":"SearchAction","target":{"@type":"EntryPoint","urlTemplate":"https:\/\/notariadepego.com\/val\/?s={search_term_string}"},"query-input":{"@type":"PropertyValueSpecification","valueRequired":true,"valueName":"search_term_string"}}],"inLanguage":"val-es"},{"@type":"Organization","@id":"https:\/\/notariadepego.com\/val\/#organization","name":"Notar\u00eda de Pego","url":"https:\/\/notariadepego.com\/val\/","logo":{"@type":"ImageObject","inLanguage":"val-es","@id":"https:\/\/notariadepego.com\/val\/#\/schema\/logo\/image\/","url":"https:\/\/notariadepego.com\/wp-content\/uploads\/2022\/02\/logo-notaria-pego.png","contentUrl":"https:\/\/notariadepego.com\/wp-content\/uploads\/2022\/02\/logo-notaria-pego.png","width":2513,"height":511,"caption":"Notar\u00eda de Pego"},"image":{"@id":"https:\/\/notariadepego.com\/val\/#\/schema\/logo\/image\/"}}]}},"_links":{"self":[{"href":"https:\/\/notariadepego.com\/val\/wp-json\/wp\/v2\/pages\/2411","targetHints":{"allow":["GET"]}}],"collection":[{"href":"https:\/\/notariadepego.com\/val\/wp-json\/wp\/v2\/pages"}],"about":[{"href":"https:\/\/notariadepego.com\/val\/wp-json\/wp\/v2\/types\/page"}],"author":[{"embeddable":true,"href":"https:\/\/notariadepego.com\/val\/wp-json\/wp\/v2\/users\/1"}],"replies":[{"embeddable":true,"href":"https:\/\/notariadepego.com\/val\/wp-json\/wp\/v2\/comments?post=2411"}],"version-history":[{"count":4,"href":"https:\/\/notariadepego.com\/val\/wp-json\/wp\/v2\/pages\/2411\/revisions"}],"predecessor-version":[{"id":2416,"href":"https:\/\/notariadepego.com\/val\/wp-json\/wp\/v2\/pages\/2411\/revisions\/2416"}],"wp:attachment":[{"href":"https:\/\/notariadepego.com\/val\/wp-json\/wp\/v2\/media?parent=2411"}],"curies":[{"name":"wp","href":"https:\/\/api.w.org\/{rel}","templated":true}]}}